{"id":534,"date":"2023-01-16T16:39:28","date_gmt":"2023-01-16T16:39:28","guid":{"rendered":"http:\/\/elbacalaorestaurante.es\/?page_id=534"},"modified":"2025-02-05T12:39:44","modified_gmt":"2025-02-05T10:39:44","slug":"blog","status":"publish","type":"page","link":"https:\/\/grupobacalao.com\/en\/blog","title":{"rendered":"Blog"},"content":{"rendered":"<div data-elementor-type=\"wp-page\" data-elementor-id=\"534\" class=\"elementor elementor-534\" data-elementor-post-type=\"page\">\n\t\t\t\t\t\t<section class=\"elementor-section elementor-top-section elementor-element elementor-element-43c11a1 elementor-section-full_width elementor-section-height-min-height elementor-section-height-default elementor-section-items-middle\" data-id=\"43c11a1\" data-element_type=\"section\" data-settings=\"{&quot;background_background&quot;:&quot;classic&quot;}\">\n\t\t\t\t\t\t\t<div class=\"elementor-background-overlay\"><\/div>\n\t\t\t\t\t\t\t<div class=\"elementor-container elementor-column-gap-default\">\n\t\t\t\t\t<div class=\"elementor-column elementor-col-100 elementor-top-column elementor-element elementor-element-1621822\" data-id=\"1621822\" data-element_type=\"column\">\n\t\t\t<div class=\"elementor-widget-wrap elementor-element-populated\">\n\t\t\t\t\t\t<div class=\"elementor-element elementor-element-ee9449e elementor-widget elementor-widget-heading\" data-id=\"ee9449e\" data-element_type=\"widget\" data-widget_type=\"heading.default\">\n\t\t\t\t<div class=\"elementor-widget-container\">\n\t\t\t<h1 class=\"elementor-heading-title elementor-size-default\">We've prepared a delicious selection of content for you to enjoy as you prefer.<\/h1>\t\t<\/div>\n\t\t\t\t<\/div>\n\t\t\t\t\t<\/div>\n\t\t<\/div>\n\t\t\t\t\t<\/div>\n\t\t<\/section>\n\t\t\t\t<section class=\"elementor-section elementor-top-section elementor-element elementor-element-1f0344b elementor-section-full_width elementor-section-height-default elementor-section-height-default\" data-id=\"1f0344b\" data-element_type=\"section\">\n\t\t\t\t\t\t<div class=\"elementor-container elementor-column-gap-default\">\n\t\t\t\t\t<div class=\"elementor-column elementor-col-100 elementor-top-column elementor-element elementor-element-3c6b249\" data-id=\"3c6b249\" data-element_type=\"column\">\n\t\t\t<div class=\"elementor-widget-wrap elementor-element-populated\">\n\t\t\t\t\t\t<div class=\"elementor-element elementor-element-b76aa8a elementor-grid-3 elementor-grid-tablet-2 elementor-grid-mobile-1 elementor-posts--thumbnail-top elementor-posts--show-avatar elementor-card-shadow-yes elementor-posts__hover-gradient elementor-widget elementor-widget-posts\" data-id=\"b76aa8a\" data-element_type=\"widget\" data-settings=\"{&quot;cards_columns&quot;:&quot;3&quot;,&quot;cards_columns_tablet&quot;:&quot;2&quot;,&quot;cards_columns_mobile&quot;:&quot;1&quot;,&quot;cards_row_gap&quot;:{&quot;unit&quot;:&quot;px&quot;,&quot;size&quot;:35,&quot;sizes&quot;:[]},&quot;cards_row_gap_tablet&quot;:{&quot;unit&quot;:&quot;px&quot;,&quot;size&quot;:&quot;&quot;,&quot;sizes&quot;:[]},&quot;cards_row_gap_mobile&quot;:{&quot;unit&quot;:&quot;px&quot;,&quot;size&quot;:&quot;&quot;,&quot;sizes&quot;:[]}}\" data-widget_type=\"posts.cards\">\n\t\t\t\t<div class=\"elementor-widget-container\">\n\t\t\t\t\t<div class=\"elementor-posts-container elementor-posts elementor-posts--skin-cards elementor-grid\">\n\t\t\t\t<article class=\"elementor-post elementor-grid-item post-2815 post type-post status-publish format-standard has-post-thumbnail hentry category-librito-digital-semana-santa tag-bacalao5b tag-bacalaotodoelano tag-cuaresmasevilla tag-dondecomerbacalaosevilla tag-grupobacalao tag-guiacofrade tag-libritosemanasanta2025 tag-programasemanasanta2025 tag-recetasdebacalao tag-semanasantagourmet tag-semanasantasevilla tag-torossevilla2025\">\n\t\t\t<div class=\"elementor-post__card\">\n\t\t\t\t<a class=\"elementor-post__thumbnail__link\" href=\"https:\/\/grupobacalao.com\/en\/librito-digital-de-semana-santa-2025-de-grupo-bacalao-recetas-de-bacalao-guia-cofrade-y-tradiciones-con-sabor-a-sevilla\" tabindex=\"-1\" ><div class=\"elementor-post__thumbnail\"><img fetchpriority=\"high\" decoding=\"async\" width=\"215\" height=\"300\" src=\"https:\/\/grupobacalao.com\/wp-content\/uploads\/2025\/04\/PORTADA-TITLULO-DEL-BLOG-215x300.jpg\" class=\"attachment-medium size-medium wp-image-2816\" alt=\"\" srcset=\"https:\/\/grupobacalao.com\/wp-content\/uploads\/2025\/04\/PORTADA-TITLULO-DEL-BLOG-215x300.jpg 215w, https:\/\/grupobacalao.com\/wp-content\/uploads\/2025\/04\/PORTADA-TITLULO-DEL-BLOG-9x12.jpg 9w, https:\/\/grupobacalao.com\/wp-content\/uploads\/2025\/04\/PORTADA-TITLULO-DEL-BLOG-600x836.jpg 600w, https:\/\/grupobacalao.com\/wp-content\/uploads\/2025\/04\/PORTADA-TITLULO-DEL-BLOG.jpg 650w\" sizes=\"(max-width: 215px) 100vw, 215px\" \/><\/div><\/a>\n\t\t\t\t<div class=\"elementor-post__badge\">Librito Digital Semana Santa<\/div>\n\t\t\t\t<div class=\"elementor-post__avatar\">\n\t\t\t<img alt='elbacalaorestaurante' src='https:\/\/grupobacalao.com\/wp-content\/uploads\/2025\/03\/bacalao.jpg' class='avatar avatar-128 photo' height='128' width='128' \/>\t\t<\/div>\n\t\t\t\t<div class=\"elementor-post__text\">\n\t\t\t\t<h3 class=\"elementor-post__title\">\n\t\t\t<a href=\"https:\/\/grupobacalao.com\/en\/librito-digital-de-semana-santa-2025-de-grupo-bacalao-recetas-de-bacalao-guia-cofrade-y-tradiciones-con-sabor-a-sevilla\" >\n\t\t\t\tLibrito digital de Semana Santa 2025 de Grupo Bacalao: Recetas de Bacalao, Gu\u00eda Cofrade y Tradiciones con Sabor a Sevilla.\t\t\t<\/a>\n\t\t<\/h3>\n\t\t\t\t<div class=\"elementor-post__excerpt\">\n\t\t\t<p>Una Semana Santa que se vive con todos los sentidos. En Grupo Bacalao llevamos desde 1982 acompa\u00f1ando la tradici\u00f3n sevillana con el mejor bacalao, ese<\/p>\n\t\t<\/div>\n\t\t\n\t\t<a class=\"elementor-post__read-more\" href=\"https:\/\/grupobacalao.com\/en\/librito-digital-de-semana-santa-2025-de-grupo-bacalao-recetas-de-bacalao-guia-cofrade-y-tradiciones-con-sabor-a-sevilla\" aria-label=\"Read more about Librito digital de Semana Santa 2025 de Grupo Bacalao: Recetas de Bacalao, Gu\u00eda Cofrade y Tradiciones con Sabor a Sevilla.\" tabindex=\"-1\" >\n\t\t\tRead more \u00bb\t\t<\/a>\n\n\t\t\t\t<\/div>\n\t\t\t\t<div class=\"elementor-post__meta-data\">\n\t\t\t\t\t<span class=\"elementor-post-date\">\n\t\t\t11\/04\/2025\t\t<\/span>\n\t\t\t\t<span class=\"elementor-post-avatar\">\n\t\t\tNo Comments\t\t<\/span>\n\t\t\t\t<\/div>\n\t\t\t\t\t<\/div>\n\t\t<\/article>\n\t\t\t\t<article class=\"elementor-post elementor-grid-item post-2757 post type-post status-publish format-standard has-post-thumbnail hentry category-cuaresma-y-semana-santa tag-bacalao tag-bacalao5b tag-cuaresma tag-gastronomiasevillana tag-grupobacalao tag-reydelbacalao tag-semanasanta tag-sevilla tag-tradicion\">\n\t\t\t<div class=\"elementor-post__card\">\n\t\t\t\t<a class=\"elementor-post__thumbnail__link\" href=\"https:\/\/grupobacalao.com\/en\/sevilla-en-cuaresma-y-semana-santa-tradicion-sabor-y-silencio-que-emociona\" tabindex=\"-1\" ><div class=\"elementor-post__thumbnail\"><img decoding=\"async\" width=\"300\" height=\"200\" src=\"https:\/\/grupobacalao.com\/wp-content\/uploads\/2025\/04\/penitents-in-traditional-white-robes-participate-i-2024-07-08-20-45-08-utc-300x200.jpg\" class=\"attachment-medium size-medium wp-image-2775\" alt=\"\" srcset=\"https:\/\/grupobacalao.com\/wp-content\/uploads\/2025\/04\/penitents-in-traditional-white-robes-participate-i-2024-07-08-20-45-08-utc-300x200.jpg 300w, https:\/\/grupobacalao.com\/wp-content\/uploads\/2025\/04\/penitents-in-traditional-white-robes-participate-i-2024-07-08-20-45-08-utc-1024x683.jpg 1024w, https:\/\/grupobacalao.com\/wp-content\/uploads\/2025\/04\/penitents-in-traditional-white-robes-participate-i-2024-07-08-20-45-08-utc-768x513.jpg 768w, https:\/\/grupobacalao.com\/wp-content\/uploads\/2025\/04\/penitents-in-traditional-white-robes-participate-i-2024-07-08-20-45-08-utc-1536x1025.jpg 1536w, https:\/\/grupobacalao.com\/wp-content\/uploads\/2025\/04\/penitents-in-traditional-white-robes-participate-i-2024-07-08-20-45-08-utc-2048x1367.jpg 2048w, https:\/\/grupobacalao.com\/wp-content\/uploads\/2025\/04\/penitents-in-traditional-white-robes-participate-i-2024-07-08-20-45-08-utc-18x12.jpg 18w, https:\/\/grupobacalao.com\/wp-content\/uploads\/2025\/04\/penitents-in-traditional-white-robes-participate-i-2024-07-08-20-45-08-utc-600x400.jpg 600w\" sizes=\"(max-width: 300px) 100vw, 300px\" \/><\/div><\/a>\n\t\t\t\t<div class=\"elementor-post__badge\">Cuaresma y Semana Santa<\/div>\n\t\t\t\t<div class=\"elementor-post__avatar\">\n\t\t\t<img alt='elbacalaorestaurante' src='https:\/\/grupobacalao.com\/wp-content\/uploads\/2025\/03\/bacalao.jpg' class='avatar avatar-128 photo' height='128' width='128' \/>\t\t<\/div>\n\t\t\t\t<div class=\"elementor-post__text\">\n\t\t\t\t<h3 class=\"elementor-post__title\">\n\t\t\t<a href=\"https:\/\/grupobacalao.com\/en\/sevilla-en-cuaresma-y-semana-santa-tradicion-sabor-y-silencio-que-emociona\" >\n\t\t\t\tSeville in Lent and Holy Week: Tradition, Flavor, and Moving Silence\t\t\t<\/a>\n\t\t<\/h3>\n\t\t\t\t<div class=\"elementor-post__excerpt\">\n\t\t\t<p>Hay \u00e9pocas del a\u00f1o que no se explican, se sienten.Y en Sevilla, la Cuaresma y la Semana Santa no se celebran: se habitan. Desde que<\/p>\n\t\t<\/div>\n\t\t\n\t\t<a class=\"elementor-post__read-more\" href=\"https:\/\/grupobacalao.com\/en\/sevilla-en-cuaresma-y-semana-santa-tradicion-sabor-y-silencio-que-emociona\" aria-label=\"Read more about Sevilla en Cuaresma y Semana Santa: Tradici\u00f3n, Sabor y Silencio que Emociona.\" tabindex=\"-1\" >\n\t\t\tRead more \u00bb\t\t<\/a>\n\n\t\t\t\t<\/div>\n\t\t\t\t<div class=\"elementor-post__meta-data\">\n\t\t\t\t\t<span class=\"elementor-post-date\">\n\t\t\t04\/04\/2025\t\t<\/span>\n\t\t\t\t<span class=\"elementor-post-avatar\">\n\t\t\tNo Comments\t\t<\/span>\n\t\t\t\t<\/div>\n\t\t\t\t\t<\/div>\n\t\t<\/article>\n\t\t\t\t<article class=\"elementor-post elementor-grid-item post-2668 post type-post status-publish format-standard has-post-thumbnail hentry category-cuaresma-y-semana-santa tag-bacalao tag-bacalao5b tag-cuaresma tag-gastronomiasevillana tag-grupobacalao tag-reydelbacalao tag-semanasanta tag-sevilla tag-tradicion\">\n\t\t\t<div class=\"elementor-post__card\">\n\t\t\t\t<a class=\"elementor-post__thumbnail__link\" href=\"https:\/\/grupobacalao.com\/en\/el-rey-del-bacalao-en-sevilla-5-de-marzo-grupo-bacalao-miercoles-de-ceniza-disfruta-del-mejor-bacalao-en-cuaresma-y-semana-santa\" tabindex=\"-1\" ><div class=\"elementor-post__thumbnail\"><img decoding=\"async\" width=\"300\" height=\"200\" src=\"https:\/\/grupobacalao.com\/wp-content\/uploads\/2025\/01\/FOTO-1-Bacalao-5B-confitado-con-una-base-de-tomate-casero-300x200.jpg\" class=\"attachment-medium size-medium wp-image-2658\" alt=\"Bacalao 5B confitado con una base de tomate casero\" srcset=\"https:\/\/grupobacalao.com\/wp-content\/uploads\/2025\/01\/FOTO-1-Bacalao-5B-confitado-con-una-base-de-tomate-casero-300x200.jpg 300w, https:\/\/grupobacalao.com\/wp-content\/uploads\/2025\/01\/FOTO-1-Bacalao-5B-confitado-con-una-base-de-tomate-casero-1024x683.jpg 1024w, https:\/\/grupobacalao.com\/wp-content\/uploads\/2025\/01\/FOTO-1-Bacalao-5B-confitado-con-una-base-de-tomate-casero-768x512.jpg 768w, https:\/\/grupobacalao.com\/wp-content\/uploads\/2025\/01\/FOTO-1-Bacalao-5B-confitado-con-una-base-de-tomate-casero-1536x1024.jpg 1536w, https:\/\/grupobacalao.com\/wp-content\/uploads\/2025\/01\/FOTO-1-Bacalao-5B-confitado-con-una-base-de-tomate-casero-2048x1365.jpg 2048w, https:\/\/grupobacalao.com\/wp-content\/uploads\/2025\/01\/FOTO-1-Bacalao-5B-confitado-con-una-base-de-tomate-casero-18x12.jpg 18w, https:\/\/grupobacalao.com\/wp-content\/uploads\/2025\/01\/FOTO-1-Bacalao-5B-confitado-con-una-base-de-tomate-casero-600x400.jpg 600w\" sizes=\"(max-width: 300px) 100vw, 300px\" \/><\/div><\/a>\n\t\t\t\t<div class=\"elementor-post__badge\">Cuaresma y Semana Santa<\/div>\n\t\t\t\t<div class=\"elementor-post__avatar\">\n\t\t\t<img alt='elbacalaorestaurante' src='https:\/\/grupobacalao.com\/wp-content\/uploads\/2025\/03\/bacalao.jpg' class='avatar avatar-128 photo' height='128' width='128' \/>\t\t<\/div>\n\t\t\t\t<div class=\"elementor-post__text\">\n\t\t\t\t<h3 class=\"elementor-post__title\">\n\t\t\t<a href=\"https:\/\/grupobacalao.com\/en\/el-rey-del-bacalao-en-sevilla-5-de-marzo-grupo-bacalao-miercoles-de-ceniza-disfruta-del-mejor-bacalao-en-cuaresma-y-semana-santa\" >\n\t\t\t\tGrupo Bacalao, el Rey del Bacalao en Sevilla: Disfruta del aut\u00e9ntico bacalao en Mi\u00e9rcoles de Ceniza, Cuaresma\u00a0y\u00a0Semana\u00a0Santa.\t\t\t<\/a>\n\t\t<\/h3>\n\t\t\t\t<div class=\"elementor-post__excerpt\">\n\t\t\t<p>El Bacalao, Tradici\u00f3n Gastron\u00f3mica en Sevilla. 5 de marzo, Sevilla respira tradici\u00f3n con el Mi\u00e9rcoles de Ceniza, marcando el inicio de la Cuaresma. Una \u00e9poca<\/p>\n\t\t<\/div>\n\t\t\n\t\t<a class=\"elementor-post__read-more\" href=\"https:\/\/grupobacalao.com\/en\/el-rey-del-bacalao-en-sevilla-5-de-marzo-grupo-bacalao-miercoles-de-ceniza-disfruta-del-mejor-bacalao-en-cuaresma-y-semana-santa\" aria-label=\"Read more about Grupo Bacalao, el Rey del Bacalao en Sevilla: Disfruta del aut\u00e9ntico bacalao en Mi\u00e9rcoles de Ceniza, Cuaresma\u00a0y\u00a0Semana\u00a0Santa.\" tabindex=\"-1\" >\n\t\t\tRead more \u00bb\t\t<\/a>\n\n\t\t\t\t<\/div>\n\t\t\t\t<div class=\"elementor-post__meta-data\">\n\t\t\t\t\t<span class=\"elementor-post-date\">\n\t\t\t12\/03\/2025\t\t<\/span>\n\t\t\t\t<span class=\"elementor-post-avatar\">\n\t\t\tNo Comments\t\t<\/span>\n\t\t\t\t<\/div>\n\t\t\t\t\t<\/div>\n\t\t<\/article>\n\t\t\t\t<\/div>\n\t\t\n\t\t\t\t<\/div>\n\t\t\t\t<\/div>\n\t\t\t\t\t<\/div>\n\t\t<\/div>\n\t\t\t\t\t<\/div>\n\t\t<\/section>\n\t\t\t\t<section class=\"elementor-section elementor-top-section elementor-element elementor-element-5166455 elementor-section-full_width elementor-section-height-default elementor-section-height-default\" data-id=\"5166455\" data-element_type=\"section\" data-settings=\"{&quot;background_background&quot;:&quot;classic&quot;}\">\n\t\t\t\t\t\t<div class=\"elementor-container elementor-column-gap-default\">\n\t\t\t\t\t<div class=\"elementor-column elementor-col-50 elementor-top-column elementor-element elementor-element-34854da\" data-id=\"34854da\" data-element_type=\"column\">\n\t\t\t<div class=\"elementor-widget-wrap elementor-element-populated\">\n\t\t\t\t\t\t<div class=\"elementor-element elementor-element-f77d5d4 elementor-widget elementor-widget-text-editor\" data-id=\"f77d5d4\" data-element_type=\"widget\" data-widget_type=\"text-editor.default\">\n\t\t\t\t<div class=\"elementor-widget-container\">\n\t\t\t\t\t\t\t<p>At Grupo Bacalao we always work with local and top quality products.&nbsp;<\/p>\n<p class=\" translation-block\">As our name indicates,<strong><\/strong> we are experts in cod work and our desire is to spread that passion, patience and perseverance through every detail.<\/p>\n<p>Come visit us and discover our two unique spaces in the heart of Seville.<\/p>\t\t\t\t\t\t<\/div>\n\t\t\t\t<\/div>\n\t\t\t\t\t<\/div>\n\t\t<\/div>\n\t\t\t\t<div class=\"elementor-column elementor-col-50 elementor-top-column elementor-element elementor-element-186809b\" data-id=\"186809b\" data-element_type=\"column\">\n\t\t\t<div class=\"elementor-widget-wrap elementor-element-populated\">\n\t\t\t\t\t\t\t<\/div>\n\t\t<\/div>\n\t\t\t\t\t<\/div>\n\t\t<\/section>\n\t\t\t\t<section class=\"elementor-section elementor-top-section elementor-element elementor-element-b2fe8a8 elementor-section-full_width elementor-section-height-default elementor-section-height-default\" data-id=\"b2fe8a8\" data-element_type=\"section\" data-settings=\"{&quot;background_background&quot;:&quot;classic&quot;}\">\n\t\t\t\t\t\t<div class=\"elementor-container elementor-column-gap-default\">\n\t\t\t\t\t<div class=\"elementor-column elementor-col-50 elementor-top-column elementor-element elementor-element-430a279\" data-id=\"430a279\" data-element_type=\"column\">\n\t\t\t<div class=\"elementor-widget-wrap elementor-element-populated\">\n\t\t\t\t\t\t<div class=\"elementor-element elementor-element-4b645f7 elementor-widget elementor-widget-text-editor\" data-id=\"4b645f7\" data-element_type=\"widget\" data-widget_type=\"text-editor.default\">\n\t\t\t\t<div class=\"elementor-widget-container\">\n\t\t\t\t\t\t\t<p>Aviso Legal | Pol\u00edtica de Cookies | Pol\u00edtica de Privacidad| <span style=\"color: #ffffff;\"><a style=\"color: #ffffff;\" href=\"\/en\/accesibilidad\/\">Accesibilidad<\/a><\/span> |<span style=\"color: #ffffff;\"> <a style=\"color: #ffffff;\" href=\"mailto:rrhh@grupobacalao.com\"><b><u>Work with us<\/u><\/b><\/a><\/span><\/p>\t\t\t\t\t\t<\/div>\n\t\t\t\t<\/div>\n\t\t\t\t\t<\/div>\n\t\t<\/div>\n\t\t\t\t<div class=\"elementor-column elementor-col-25 elementor-top-column elementor-element elementor-element-71b2eef\" data-id=\"71b2eef\" data-element_type=\"column\">\n\t\t\t<div class=\"elementor-widget-wrap elementor-element-populated\">\n\t\t\t\t\t\t<div class=\"elementor-element elementor-element-c43695f e-grid-align-left e-grid-align-mobile-center elementor-shape-rounded elementor-grid-0 elementor-widget elementor-widget-social-icons\" data-id=\"c43695f\" data-element_type=\"widget\" data-widget_type=\"social-icons.default\">\n\t\t\t\t<div class=\"elementor-widget-container\">\n\t\t\t\t\t<div class=\"elementor-social-icons-wrapper elementor-grid\">\n\t\t\t\t\t\t\t<span class=\"elementor-grid-item\">\n\t\t\t\t\t<a class=\"elementor-icon elementor-social-icon elementor-social-icon-instagram elementor-repeater-item-fbf20fe\" href=\"https:\/\/www.instagram.com\/grupobacalao\/\" target=\"_blank\">\n\t\t\t\t\t\t<span class=\"elementor-screen-only\">Instagram<\/span>\n\t\t\t\t\t\t<i class=\"fab fa-instagram\"><\/i>\t\t\t\t\t<\/a>\n\t\t\t\t<\/span>\n\t\t\t\t\t\t\t<span class=\"elementor-grid-item\">\n\t\t\t\t\t<a class=\"elementor-icon elementor-social-icon elementor-social-icon-facebook elementor-repeater-item-480bf89\" href=\"https:\/\/www.facebook.com\/GrupoBacalao\" target=\"_blank\">\n\t\t\t\t\t\t<span class=\"elementor-screen-only\">Facebook<\/span>\n\t\t\t\t\t\t<i class=\"fab fa-facebook\"><\/i>\t\t\t\t\t<\/a>\n\t\t\t\t<\/span>\n\t\t\t\t\t\t\t<span class=\"elementor-grid-item\">\n\t\t\t\t\t<a class=\"elementor-icon elementor-social-icon elementor-social-icon-x-twitter elementor-repeater-item-652fdcb\" href=\"https:\/\/twitter.com\/GrupoBACALAO\" target=\"_blank\">\n\t\t\t\t\t\t<span class=\"elementor-screen-only\">X-twitter<\/span>\n\t\t\t\t\t\t<i class=\"fab fa-x-twitter\"><\/i>\t\t\t\t\t<\/a>\n\t\t\t\t<\/span>\n\t\t\t\t\t<\/div>\n\t\t\t\t<\/div>\n\t\t\t\t<\/div>\n\t\t\t\t\t<\/div>\n\t\t<\/div>\n\t\t\t\t<div class=\"elementor-column elementor-col-25 elementor-top-column elementor-element elementor-element-22a1272\" data-id=\"22a1272\" data-element_type=\"column\">\n\t\t\t<div class=\"elementor-widget-wrap\">\n\t\t\t\t\t\t\t<\/div>\n\t\t<\/div>\n\t\t\t\t\t<\/div>\n\t\t<\/section>\n\t\t\t\t<section class=\"elementor-section elementor-top-section elementor-element elementor-element-e11423a elementor-section-full_width elementor-section-height-default elementor-section-height-default\" data-id=\"e11423a\" data-element_type=\"section\">\n\t\t\t\t\t\t<div class=\"elementor-container elementor-column-gap-default\">\n\t\t\t\t\t<div class=\"elementor-column elementor-col-100 elementor-top-column elementor-element elementor-element-cd322c4\" data-id=\"cd322c4\" data-element_type=\"column\">\n\t\t\t<div class=\"elementor-widget-wrap elementor-element-populated\">\n\t\t\t\t\t\t<div class=\"elementor-element elementor-element-93e44f7 elementor-widget elementor-widget-html\" data-id=\"93e44f7\" data-element_type=\"widget\" data-widget_type=\"html.default\">\n\t\t\t\t<div class=\"elementor-widget-container\">\n\t\t\t<script src=\"https:\/\/apps.elfsight.com\/p\/platform.js\" defer><\/script>\r\n<div class=\"elfsight-app-dff724cb-604c-4a85-975a-7ebae234f22b\"><\/div>\t\t<\/div>\n\t\t\t\t<\/div>\n\t\t\t\t\t<\/div>\n\t\t<\/div>\n\t\t\t\t\t<\/div>\n\t\t<\/section>\n\t\t\t\t<\/div>","protected":false},"excerpt":{"rendered":"<p>Te preparamos una deliciosa selecci\u00f3n de contenidos para que los saborees a tu gusto. En Grupo Bacalao trabajamos siempre con productos de proximidad y m\u00e1xima calidad.&nbsp; Como nuestro nombre indica, somos expertos en el trabajo del bacalao y nuestro deseo es contagiar esa pasi\u00f3n, paciencia y perseverancia mediante cada detalle. Ven a visitarnos y descubre [&hellip;]<\/p>","protected":false},"author":1,"featured_media":0,"parent":0,"menu_order":0,"comment_status":"closed","ping_status":"closed","template":"","meta":{"footnotes":""},"class_list":["post-534","page","type-page","status-publish","hentry"],"yoast_head":"<!-- This site is optimized with the Yoast SEO plugin v24.7 - https:\/\/yoast.com\/wordpress\/plugins\/seo\/ -->\n<title>Blog - Grupo Bacalao<\/title>\n<meta name=\"robots\" content=\"index, follow, max-snippet:-1, max-image-preview:large, max-video-preview:-1\" \/>\n<link rel=\"canonical\" href=\"https:\/\/grupobacalao.com\/en\/blog\/\" \/>\n<meta property=\"og:locale\" content=\"en_GB\" \/>\n<meta property=\"og:type\" content=\"article\" \/>\n<meta property=\"og:title\" content=\"Blog - Grupo Bacalao\" \/>\n<meta property=\"og:description\" content=\"Te preparamos una deliciosa selecci\u00f3n de contenidos para que los saborees a tu gusto. En Grupo Bacalao trabajamos siempre con productos de proximidad y m\u00e1xima calidad.&nbsp; Como nuestro nombre indica, somos expertos en el trabajo del bacalao y nuestro deseo es contagiar esa pasi\u00f3n, paciencia y perseverancia mediante cada detalle. Ven a visitarnos y descubre [&hellip;]\" \/>\n<meta property=\"og:url\" content=\"https:\/\/grupobacalao.com\/en\/blog\/\" \/>\n<meta property=\"og:site_name\" content=\"Grupo Bacalao\" \/>\n<meta property=\"article:modified_time\" content=\"2025-02-05T10:39:44+00:00\" \/>\n<meta name=\"twitter:card\" content=\"summary_large_image\" \/>\n<script type=\"application\/ld+json\" class=\"yoast-schema-graph\">{\"@context\":\"https:\/\/schema.org\",\"@graph\":[{\"@type\":\"WebPage\",\"@id\":\"https:\/\/grupobacalao.com\/blog\",\"url\":\"https:\/\/grupobacalao.com\/blog\",\"name\":\"Blog - Grupo Bacalao\",\"isPartOf\":{\"@id\":\"https:\/\/grupobacalao.com\/#website\"},\"datePublished\":\"2023-01-16T16:39:28+00:00\",\"dateModified\":\"2025-02-05T10:39:44+00:00\",\"breadcrumb\":{\"@id\":\"https:\/\/grupobacalao.com\/blog#breadcrumb\"},\"inLanguage\":\"en-GB\",\"potentialAction\":[{\"@type\":\"ReadAction\",\"target\":[\"https:\/\/grupobacalao.com\/blog\"]}]},{\"@type\":\"BreadcrumbList\",\"@id\":\"https:\/\/grupobacalao.com\/blog#breadcrumb\",\"itemListElement\":[{\"@type\":\"ListItem\",\"position\":1,\"name\":\"Home\",\"item\":\"https:\/\/grupobacalao.com\/\"},{\"@type\":\"ListItem\",\"position\":2,\"name\":\"Blog\"}]},{\"@type\":\"WebSite\",\"@id\":\"https:\/\/grupobacalao.com\/#website\",\"url\":\"https:\/\/grupobacalao.com\/\",\"name\":\"Grupo Bacalao\",\"description\":\"Grupo Bacalao\",\"publisher\":{\"@id\":\"https:\/\/grupobacalao.com\/#organization\"},\"potentialAction\":[{\"@type\":\"SearchAction\",\"target\":{\"@type\":\"EntryPoint\",\"urlTemplate\":\"https:\/\/grupobacalao.com\/?s={search_term_string}\"},\"query-input\":{\"@type\":\"PropertyValueSpecification\",\"valueRequired\":true,\"valueName\":\"search_term_string\"}}],\"inLanguage\":\"en-GB\"},{\"@type\":\"Organization\",\"@id\":\"https:\/\/grupobacalao.com\/#organization\",\"name\":\"Grupo Bacalao\",\"url\":\"https:\/\/grupobacalao.com\/\",\"logo\":{\"@type\":\"ImageObject\",\"inLanguage\":\"en-GB\",\"@id\":\"https:\/\/grupobacalao.com\/#\/schema\/logo\/image\/\",\"url\":\"https:\/\/grupobacalao.com\/wp-content\/uploads\/2022\/11\/GRUPO-BACALAO-COLOR-AZUL-Y-CAMEL.png\",\"contentUrl\":\"https:\/\/grupobacalao.com\/wp-content\/uploads\/2022\/11\/GRUPO-BACALAO-COLOR-AZUL-Y-CAMEL.png\",\"width\":5014,\"height\":1817,\"caption\":\"Grupo Bacalao\"},\"image\":{\"@id\":\"https:\/\/grupobacalao.com\/#\/schema\/logo\/image\/\"}}]}<\/script>\n<!-- \/ Yoast SEO plugin. -->","yoast_head_json":{"title":"Blog - Grupo Bacalao","robots":{"index":"index","follow":"follow","max-snippet":"max-snippet:-1","max-image-preview":"max-image-preview:large","max-video-preview":"max-video-preview:-1"},"canonical":"https:\/\/grupobacalao.com\/en\/blog\/","og_locale":"en_GB","og_type":"article","og_title":"Blog - Grupo Bacalao","og_description":"Te preparamos una deliciosa selecci\u00f3n de contenidos para que los saborees a tu gusto. En Grupo Bacalao trabajamos siempre con productos de proximidad y m\u00e1xima calidad.&nbsp; Como nuestro nombre indica, somos expertos en el trabajo del bacalao y nuestro deseo es contagiar esa pasi\u00f3n, paciencia y perseverancia mediante cada detalle. Ven a visitarnos y descubre [&hellip;]","og_url":"https:\/\/grupobacalao.com\/en\/blog\/","og_site_name":"Grupo Bacalao","article_modified_time":"2025-02-05T10:39:44+00:00","twitter_card":"summary_large_image","schema":{"@context":"https:\/\/schema.org","@graph":[{"@type":"WebPage","@id":"https:\/\/grupobacalao.com\/blog","url":"https:\/\/grupobacalao.com\/blog","name":"Blog - Grupo Bacalao","isPartOf":{"@id":"https:\/\/grupobacalao.com\/#website"},"datePublished":"2023-01-16T16:39:28+00:00","dateModified":"2025-02-05T10:39:44+00:00","breadcrumb":{"@id":"https:\/\/grupobacalao.com\/blog#breadcrumb"},"inLanguage":"en-GB","potentialAction":[{"@type":"ReadAction","target":["https:\/\/grupobacalao.com\/blog"]}]},{"@type":"BreadcrumbList","@id":"https:\/\/grupobacalao.com\/blog#breadcrumb","itemListElement":[{"@type":"ListItem","position":1,"name":"Home","item":"https:\/\/grupobacalao.com\/"},{"@type":"ListItem","position":2,"name":"Blog"}]},{"@type":"WebSite","@id":"https:\/\/grupobacalao.com\/#website","url":"https:\/\/grupobacalao.com\/","name":"Grupo Bacalao","description":"Grupo Bacalao","publisher":{"@id":"https:\/\/grupobacalao.com\/#organization"},"potentialAction":[{"@type":"SearchAction","target":{"@type":"EntryPoint","urlTemplate":"https:\/\/grupobacalao.com\/?s={search_term_string}"},"query-input":{"@type":"PropertyValueSpecification","valueRequired":true,"valueName":"search_term_string"}}],"inLanguage":"en-GB"},{"@type":"Organization","@id":"https:\/\/grupobacalao.com\/#organization","name":"Grupo Bacalao","url":"https:\/\/grupobacalao.com\/","logo":{"@type":"ImageObject","inLanguage":"en-GB","@id":"https:\/\/grupobacalao.com\/#\/schema\/logo\/image\/","url":"https:\/\/grupobacalao.com\/wp-content\/uploads\/2022\/11\/GRUPO-BACALAO-COLOR-AZUL-Y-CAMEL.png","contentUrl":"https:\/\/grupobacalao.com\/wp-content\/uploads\/2022\/11\/GRUPO-BACALAO-COLOR-AZUL-Y-CAMEL.png","width":5014,"height":1817,"caption":"Grupo Bacalao"},"image":{"@id":"https:\/\/grupobacalao.com\/#\/schema\/logo\/image\/"}}]}},"_links":{"self":[{"href":"https:\/\/grupobacalao.com\/en\/wp-json\/wp\/v2\/pages\/534"}],"collection":[{"href":"https:\/\/grupobacalao.com\/en\/wp-json\/wp\/v2\/pages"}],"about":[{"href":"https:\/\/grupobacalao.com\/en\/wp-json\/wp\/v2\/types\/page"}],"author":[{"embeddable":true,"href":"https:\/\/grupobacalao.com\/en\/wp-json\/wp\/v2\/users\/1"}],"replies":[{"embeddable":true,"href":"https:\/\/grupobacalao.com\/en\/wp-json\/wp\/v2\/comments?post=534"}],"version-history":[{"count":47,"href":"https:\/\/grupobacalao.com\/en\/wp-json\/wp\/v2\/pages\/534\/revisions"}],"predecessor-version":[{"id":2733,"href":"https:\/\/grupobacalao.com\/en\/wp-json\/wp\/v2\/pages\/534\/revisions\/2733"}],"wp:attachment":[{"href":"https:\/\/grupobacalao.com\/en\/wp-json\/wp\/v2\/media?parent=534"}],"curies":[{"name":"wp","href":"https:\/\/api.w.org\/{rel}","templated":true}]}}