{"id":2339,"date":"2024-11-15T23:10:55","date_gmt":"2024-11-15T21:10:55","guid":{"rendered":"https:\/\/grupobacalao.com\/?page_id=2339"},"modified":"2025-01-30T09:51:00","modified_gmt":"2025-01-30T07:51:00","slug":"reserva","status":"publish","type":"page","link":"https:\/\/grupobacalao.com\/en\/reserva","title":{"rendered":"Reservation"},"content":{"rendered":"<div data-elementor-type=\"wp-page\" data-elementor-id=\"2339\" class=\"elementor elementor-2339\" data-elementor-post-type=\"page\">\n\t\t\t\t\t\t<section class=\"elementor-section elementor-top-section elementor-element elementor-element-d963b5a elementor-section-height-min-height elementor-section-boxed elementor-section-height-default elementor-section-items-middle\" data-id=\"d963b5a\" data-element_type=\"section\" data-settings=\"{&quot;background_background&quot;:&quot;classic&quot;}\">\n\t\t\t\t\t\t\t<div class=\"elementor-background-overlay\"><\/div>\n\t\t\t\t\t\t\t<div class=\"elementor-container elementor-column-gap-default\">\n\t\t\t\t\t<div class=\"elementor-column elementor-col-100 elementor-top-column elementor-element elementor-element-65de9ae\" data-id=\"65de9ae\" data-element_type=\"column\">\n\t\t\t<div class=\"elementor-widget-wrap elementor-element-populated\">\n\t\t\t\t\t\t<div class=\"elementor-element elementor-element-fa2d948 elementor-widget elementor-widget-heading\" data-id=\"fa2d948\" data-element_type=\"widget\" data-widget_type=\"heading.default\">\n\t\t\t\t<div class=\"elementor-widget-container\">\n\t\t\t<h1 class=\"elementor-heading-title elementor-size-default\">Reservation<\/h1>\t\t<\/div>\n\t\t\t\t<\/div>\n\t\t\t\t<div class=\"elementor-element elementor-element-3574215 elementor-widget elementor-widget-text-editor\" data-id=\"3574215\" data-element_type=\"widget\" data-widget_type=\"text-editor.default\">\n\t\t\t\t<div class=\"elementor-widget-container\">\n\t\t\t\t\t\t\t<p>Call us or come visit us at our gastronomic spaces in the center of Seville.<\/p>\t\t\t\t\t\t<\/div>\n\t\t\t\t<\/div>\n\t\t\t\t\t<\/div>\n\t\t<\/div>\n\t\t\t\t\t<\/div>\n\t\t<\/section>\n\t\t\t\t<section class=\"elementor-section elementor-top-section elementor-element elementor-element-5de2613 elementor-section-boxed elementor-section-height-default elementor-section-height-default\" data-id=\"5de2613\" data-element_type=\"section\" id=\"reserva\">\n\t\t\t\t\t\t<div class=\"elementor-container elementor-column-gap-default\">\n\t\t\t\t\t<div class=\"elementor-column elementor-col-100 elementor-top-column elementor-element elementor-element-855be75\" data-id=\"855be75\" data-element_type=\"column\">\n\t\t\t<div class=\"elementor-widget-wrap elementor-element-populated\">\n\t\t\t\t\t\t<div class=\"elementor-element elementor-element-9dee84f elementor-widget elementor-widget-shortcode\" data-id=\"9dee84f\" data-element_type=\"widget\" data-widget_type=\"shortcode.default\">\n\t\t\t\t<div class=\"elementor-widget-container\">\n\t\t\t\t\t<div class=\"elementor-shortcode\">        <div id=\"reserva-container\">\n                        <div class=\"logotipo\">\n                <img decoding=\"async\" src=\"https:\/\/grupobacalao.com\/wp-content\/uploads\/2022\/11\/GRUPO-BACALAO-COLOR-AZUL-Y-CAMEL.png\" alt=\"logo\">\n            <\/div>\n                        \n            <!-- Indicador de progreso -->\n            <div class=\"circulos\">\n                <div class=\"circulo-container\">\n                    <div class=\"circulo active\">\n                        <div>1<\/div>\n                    <\/div>\n                    <div class=\"info-reserva\">Informaci\u00f3n de reserva<\/div>\n                <\/div>\n                <div class=\"circulo-container\">\n                    <div class=\"circulo\">\n                        <div>2<\/div>\n                    <\/div>\n                    <div class=\"confirmar-reserva\">Confirmar reserva<\/div>\n                <\/div>\n            <\/div>\n            \n            <!-- Selecci\u00f3n del n\u00famero de personas -->\n                    <div>\n            <p>\n                <label for=\"personas\">N\u00famero de personas:<\/label>\n            <\/p>\n            <select id=\"personas\" name=\"personas\">\n                                    <option value=\"1\">1 Persona<\/option>\n                                    <option value=\"2\">2 Personas<\/option>\n                                    <option value=\"3\">3 Personas<\/option>\n                                    <option value=\"4\">4 Personas<\/option>\n                                    <option value=\"5\">5 Personas<\/option>\n                                    <option value=\"6\">6 Personas<\/option>\n                                    <option value=\"7\">7 Personas<\/option>\n                                    <option value=\"8\">8 Personas<\/option>\n                                    <option value=\"9\">9 Personas<\/option>\n                                    <option value=\"10\">10 Personas<\/option>\n                                    <option value=\"11\">11 Personas<\/option>\n                                    <option value=\"12\">12 Personas<\/option>\n                                    <option value=\"13\">13 Personas<\/option>\n                                    <option value=\"14\">14 Personas<\/option>\n                                <option value=\"contactar\">M\u00e1s de 14 Personas<\/option>\n            <\/select>\n            \n            <button id=\"boton-contactar\" style=\"display:none;\">\u2190 Volver<\/button>\n        <\/div>\n                    \n            <!-- Selecci\u00f3n de restaurante -->\n                    <div class=\"contenedor-restaurante\">\n            <p>\n                <label class=\"bronce\" for=\"restaurante\">Selecciona el restaurante:<\/label>\n            <\/p>\n            <small>\n                <strong>Te recordamos que:<\/strong><br>\n                <span class=\"azul-light\">BACALAO Restaurante\u30fbCopas<\/span> cierra los Domingos pero te atendemos en el restaurante <br class=\"nobr\"><strong>LA CHUMBERA<\/strong><br>\n                <span class=\"azul-light\">LA CHUMBERA Brasas\u30fbC\u00f3cteles<\/span> cierra los Lunes pero te atendemos en el restaurante <br class=\"nobr\"><strong> BACALAO<\/strong>\n            <\/small>\n            <select id=\"restaurante\" name=\"restaurante\" required>\n                <option value=\"\">-- Selecciona un restaurante --<\/option>\n                <option value=\"Bacalao\">BACALAO Restaurante\u30fbCopas<\/option>\n                <option value=\"La Chumbera\">LA CHUMBERA Brasas\u30fbC\u00f3cteles<\/option>\n            <\/select>\n            <small id=\"horario-restaurante\" style=\"display:block; margin-top:0px; color:#555;\"><\/small>\n        <\/div>\n                    \n            <!-- Calendario -->\n                    <div class=\"calendario\">\n            <label><p>Selecciona una fecha:<\/p><\/label>\n            <div id=\"datepicker\"><\/div>\n            <div id=\"mensaje-hora\" style=\"display:none; margin-top: 10px;\">Selecciona la hora de la reserva<\/div>\n            <div id=\"flechita\" style=\"display:none; margin-top: 10px;\">\n                <i class=\"fa fa-arrow-down\" aria-hidden=\"true\"><\/i>\n            <\/div>\n        <\/div>\n                    \n            <!-- Horarios -->\n                    <div class=\"horarios-container\">\n            <div class=\"horarios-grid\" id=\"horarios-comida\"><\/div>\n            <div class=\"horarios-grid\" id=\"horarios-cena\"><\/div>\n        <\/div>\n                    \n            <!-- Formulario de datos personales -->\n                    <div id=\"nuevos-campos\" style=\"display:none;\">\n            <h3 class=\"bronce\">Detalles de la Reserva<\/h3>\n            <p id=\"mensaje-seleccion\" style=\"display:none; font-size: 1.2rem; color: #000; font-weight:700;\"><\/p>\n            \n            <button id=\"volver-atras\">\u2190 Volver<\/button>\n            \n            <label for=\"nombre\">Name<\/label>\n            <input type=\"text\" id=\"nombre\" required>\n            \n            <label for=\"apellidos\">Surname<\/label>\n            <input type=\"text\" id=\"apellidos\" required>\n            \n            <label for=\"email\">Email<\/label>\n            <input type=\"email\" id=\"email\" required>\n            \n            <label for=\"telefono\">Phone<\/label>\n            <input type=\"tel\" id=\"telefono\" required>\n            \n            <label for=\"comentario\">Comentario<\/label>\n            <textarea id=\"comentario\"><\/textarea>\n            \n            <button id=\"enviar-reserva\">RESERVAR<\/button>\n            \n            <div class=\"legal\">\n                <p>\n                    Acepto las condiciones de uso, <a href=\"\/en\/politica-de-privacidad\/\">pol\u00edtica de privacidad<\/a> y <a href=\"\/en\/aviso-legal\/\">aviso legal.<\/a>\n                <\/p>\n            <\/div>\n        <\/div>\n                    \n            <!-- Mensaje de \u00e9xito -->\n            <div id=\"mensaje-exito\" style=\"display:none; color: green; font-weight: bold;\">\n                Tu reserva ha sido enviada correctamente.\n            <\/div>\n        <\/div>\n        <\/div>\n\t\t\t\t<\/div>\n\t\t\t\t<\/div>\n\t\t\t\t\t<\/div>\n\t\t<\/div>\n\t\t\t\t\t<\/div>\n\t\t<\/section>\n\t\t\t\t<section class=\"elementor-section elementor-top-section elementor-element elementor-element-17a12bc elementor-section-boxed elementor-section-height-default elementor-section-height-default\" data-id=\"17a12bc\" data-element_type=\"section\">\n\t\t\t\t\t\t<div class=\"elementor-container elementor-column-gap-default\">\n\t\t\t\t\t<div class=\"elementor-column elementor-col-50 elementor-top-column elementor-element elementor-element-023a0ea\" data-id=\"023a0ea\" data-element_type=\"column\">\n\t\t\t<div class=\"elementor-widget-wrap elementor-element-populated\">\n\t\t\t\t\t\t<div class=\"elementor-element elementor-element-284fc04 elementor-widget elementor-widget-google_maps\" data-id=\"284fc04\" data-element_type=\"widget\" data-widget_type=\"google_maps.default\">\n\t\t\t\t<div class=\"elementor-widget-container\">\n\t\t\t\t\t<div class=\"elementor-custom-embed\">\n\t\t\t<iframe loading=\"lazy\"\n\t\t\t\t\tsrc=\"https:\/\/maps.google.com\/maps?q=C.%20Tarifa%2C%209%2C%2041002%20Sevilla%2C%20Espa%C3%B1a%20BACALAO%20RESTAURANTE&#038;t=m&#038;z=10&#038;output=embed&#038;iwloc=near\"\n\t\t\t\t\ttitle=\"C. Tarifa, 9, 41002 Sevilla, Espa\u00f1a BACALAO RESTAURANTE\"\n\t\t\t\t\taria-label=\"C. Tarifa, 9, 41002 Sevilla, Espa\u00f1a BACALAO RESTAURANTE\"\n\t\t\t><\/iframe>\n\t\t<\/div>\n\t\t\t\t<\/div>\n\t\t\t\t<\/div>\n\t\t\t\t\t<\/div>\n\t\t<\/div>\n\t\t\t\t<div class=\"elementor-column elementor-col-50 elementor-top-column elementor-element elementor-element-689cdb8\" data-id=\"689cdb8\" data-element_type=\"column\">\n\t\t\t<div class=\"elementor-widget-wrap elementor-element-populated\">\n\t\t\t\t\t\t<div class=\"elementor-element elementor-element-6e2ba07 elementor-widget elementor-widget-google_maps\" data-id=\"6e2ba07\" data-element_type=\"widget\" data-widget_type=\"google_maps.default\">\n\t\t\t\t<div class=\"elementor-widget-container\">\n\t\t\t\t\t<div class=\"elementor-custom-embed\">\n\t\t\t<iframe loading=\"lazy\"\n\t\t\t\t\tsrc=\"https:\/\/maps.google.com\/maps?q=Restaurante%20La%20Chumbera%20Sevilla&#038;t=m&#038;z=10&#038;output=embed&#038;iwloc=near\"\n\t\t\t\t\ttitle=\"Restaurante La Chumbera Sevilla\"\n\t\t\t\t\taria-label=\"Restaurante La Chumbera Sevilla\"\n\t\t\t><\/iframe>\n\t\t<\/div>\n\t\t\t\t<\/div>\n\t\t\t\t<\/div>\n\t\t\t\t\t<\/div>\n\t\t<\/div>\n\t\t\t\t\t<\/div>\n\t\t<\/section>\n\t\t\t\t<section class=\"elementor-section elementor-top-section elementor-element elementor-element-47abdb2 elementor-section-height-min-height elementor-section-boxed elementor-section-height-default elementor-section-items-middle\" data-id=\"47abdb2\" data-element_type=\"section\" data-settings=\"{&quot;background_background&quot;:&quot;classic&quot;}\">\n\t\t\t\t\t\t<div class=\"elementor-container elementor-column-gap-default\">\n\t\t\t\t\t<div class=\"elementor-column elementor-col-100 elementor-top-column elementor-element elementor-element-f346c81\" data-id=\"f346c81\" data-element_type=\"column\">\n\t\t\t<div class=\"elementor-widget-wrap elementor-element-populated\">\n\t\t\t\t\t\t<div class=\"elementor-element elementor-element-f6d1ea8 elementor-widget elementor-widget-heading\" data-id=\"f6d1ea8\" data-element_type=\"widget\" data-widget_type=\"heading.default\">\n\t\t\t\t<div class=\"elementor-widget-container\">\n\t\t\t<h1 class=\"elementor-heading-title elementor-size-default\">Do you want to work with us?<\/h1>\t\t<\/div>\n\t\t\t\t<\/div>\n\t\t\t\t<div class=\"elementor-element elementor-element-5a2414b elementor-widget elementor-widget-text-editor\" data-id=\"5a2414b\" data-element_type=\"widget\" data-widget_type=\"text-editor.default\">\n\t\t\t\t<div class=\"elementor-widget-container\">\n\t\t\t\t\t\t\t<p>If you have a passion for restoration, enthusiasm and commitment, we will be delighted to receive your CV.<\/p>\t\t\t\t\t\t<\/div>\n\t\t\t\t<\/div>\n\t\t\t\t<div class=\"elementor-element elementor-element-b1bb683 elementor-align-center elementor-widget elementor-widget-button\" data-id=\"b1bb683\" data-element_type=\"widget\" data-widget_type=\"button.default\">\n\t\t\t\t<div class=\"elementor-widget-container\">\n\t\t\t\t\t<div class=\"elementor-button-wrapper\">\n\t\t\t<a class=\"elementor-button elementor-button-link elementor-size-sm\" href=\"mailto:rrhh@grupobacalao.com\" target=\"_blank\">\n\t\t\t\t\t\t<span class=\"elementor-button-content-wrapper\">\n\t\t\t\t\t\t<span class=\"elementor-button-icon\">\n\t\t\t\t<i aria-hidden=\"true\" class=\"far fa-envelope\"><\/i>\t\t\t<\/span>\n\t\t\t\t\t\t\t\t\t<span class=\"elementor-button-text\">Send CV<\/span>\n\t\t\t\t\t<\/span>\n\t\t\t\t\t<\/a>\n\t\t<\/div>\n\t\t\t\t<\/div>\n\t\t\t\t<\/div>\n\t\t\t\t\t<\/div>\n\t\t<\/div>\n\t\t\t\t\t<\/div>\n\t\t<\/section>\n\t\t\t\t<\/div>","protected":false},"excerpt":{"rendered":"<p>Reserva Ll\u00e1manos o ven a visitarnos en nuestros espacios gastron\u00f3micos en el centro de Sevilla. \u00bfQuieres trabajar con nosotros? Si sientes pasi\u00f3n por la restauraci\u00f3n, ilusi\u00f3n y compromiso, estaremos encantados de recibir tu CV. Mandar CV<\/p>","protected":false},"author":1,"featured_media":0,"parent":0,"menu_order":0,"comment_status":"closed","ping_status":"closed","template":"","meta":{"footnotes":""},"class_list":["post-2339","page","type-page","status-publish","hentry"],"yoast_head":"<!-- This site is optimized with the Yoast SEO plugin v24.7 - https:\/\/yoast.com\/wordpress\/plugins\/seo\/ -->\n<title>Reserva - Grupo Bacalao<\/title>\n<meta name=\"robots\" content=\"index, follow, max-snippet:-1, max-image-preview:large, max-video-preview:-1\" \/>\n<link rel=\"canonical\" href=\"https:\/\/grupobacalao.com\/en\/reserva\/\" \/>\n<meta property=\"og:locale\" content=\"en_GB\" \/>\n<meta property=\"og:type\" content=\"article\" \/>\n<meta property=\"og:title\" content=\"Reserva - Grupo Bacalao\" \/>\n<meta property=\"og:description\" content=\"Reserva Ll\u00e1manos o ven a visitarnos en nuestros espacios gastron\u00f3micos en el centro de Sevilla. \u00bfQuieres trabajar con nosotros? Si sientes pasi\u00f3n por la restauraci\u00f3n, ilusi\u00f3n y compromiso, estaremos encantados de recibir tu CV. Mandar CV\" \/>\n<meta property=\"og:url\" content=\"https:\/\/grupobacalao.com\/en\/reserva\/\" \/>\n<meta property=\"og:site_name\" content=\"Grupo Bacalao\" \/>\n<meta property=\"article:modified_time\" content=\"2025-01-30T07:51:00+00:00\" \/>\n<meta name=\"twitter:card\" content=\"summary_large_image\" \/>\n<script type=\"application\/ld+json\" class=\"yoast-schema-graph\">{\"@context\":\"https:\/\/schema.org\",\"@graph\":[{\"@type\":\"WebPage\",\"@id\":\"https:\/\/grupobacalao.com\/reserva\",\"url\":\"https:\/\/grupobacalao.com\/reserva\",\"name\":\"Reserva - Grupo Bacalao\",\"isPartOf\":{\"@id\":\"https:\/\/grupobacalao.com\/#website\"},\"datePublished\":\"2024-11-15T21:10:55+00:00\",\"dateModified\":\"2025-01-30T07:51:00+00:00\",\"breadcrumb\":{\"@id\":\"https:\/\/grupobacalao.com\/reserva#breadcrumb\"},\"inLanguage\":\"en-GB\",\"potentialAction\":[{\"@type\":\"ReadAction\",\"target\":[\"https:\/\/grupobacalao.com\/reserva\"]}]},{\"@type\":\"BreadcrumbList\",\"@id\":\"https:\/\/grupobacalao.com\/reserva#breadcrumb\",\"itemListElement\":[{\"@type\":\"ListItem\",\"position\":1,\"name\":\"Home\",\"item\":\"https:\/\/grupobacalao.com\/\"},{\"@type\":\"ListItem\",\"position\":2,\"name\":\"Reserva\"}]},{\"@type\":\"WebSite\",\"@id\":\"https:\/\/grupobacalao.com\/#website\",\"url\":\"https:\/\/grupobacalao.com\/\",\"name\":\"Grupo Bacalao\",\"description\":\"Grupo Bacalao\",\"publisher\":{\"@id\":\"https:\/\/grupobacalao.com\/#organization\"},\"potentialAction\":[{\"@type\":\"SearchAction\",\"target\":{\"@type\":\"EntryPoint\",\"urlTemplate\":\"https:\/\/grupobacalao.com\/?s={search_term_string}\"},\"query-input\":{\"@type\":\"PropertyValueSpecification\",\"valueRequired\":true,\"valueName\":\"search_term_string\"}}],\"inLanguage\":\"en-GB\"},{\"@type\":\"Organization\",\"@id\":\"https:\/\/grupobacalao.com\/#organization\",\"name\":\"Grupo Bacalao\",\"url\":\"https:\/\/grupobacalao.com\/\",\"logo\":{\"@type\":\"ImageObject\",\"inLanguage\":\"en-GB\",\"@id\":\"https:\/\/grupobacalao.com\/#\/schema\/logo\/image\/\",\"url\":\"https:\/\/grupobacalao.com\/wp-content\/uploads\/2022\/11\/GRUPO-BACALAO-COLOR-AZUL-Y-CAMEL.png\",\"contentUrl\":\"https:\/\/grupobacalao.com\/wp-content\/uploads\/2022\/11\/GRUPO-BACALAO-COLOR-AZUL-Y-CAMEL.png\",\"width\":5014,\"height\":1817,\"caption\":\"Grupo Bacalao\"},\"image\":{\"@id\":\"https:\/\/grupobacalao.com\/#\/schema\/logo\/image\/\"}}]}<\/script>\n<!-- \/ Yoast SEO plugin. -->","yoast_head_json":{"title":"Reserva - Grupo Bacalao","robots":{"index":"index","follow":"follow","max-snippet":"max-snippet:-1","max-image-preview":"max-image-preview:large","max-video-preview":"max-video-preview:-1"},"canonical":"https:\/\/grupobacalao.com\/en\/reserva\/","og_locale":"en_GB","og_type":"article","og_title":"Reserva - Grupo Bacalao","og_description":"Reserva Ll\u00e1manos o ven a visitarnos en nuestros espacios gastron\u00f3micos en el centro de Sevilla. \u00bfQuieres trabajar con nosotros? Si sientes pasi\u00f3n por la restauraci\u00f3n, ilusi\u00f3n y compromiso, estaremos encantados de recibir tu CV. Mandar CV","og_url":"https:\/\/grupobacalao.com\/en\/reserva\/","og_site_name":"Grupo Bacalao","article_modified_time":"2025-01-30T07:51:00+00:00","twitter_card":"summary_large_image","schema":{"@context":"https:\/\/schema.org","@graph":[{"@type":"WebPage","@id":"https:\/\/grupobacalao.com\/reserva","url":"https:\/\/grupobacalao.com\/reserva","name":"Reserva - Grupo Bacalao","isPartOf":{"@id":"https:\/\/grupobacalao.com\/#website"},"datePublished":"2024-11-15T21:10:55+00:00","dateModified":"2025-01-30T07:51:00+00:00","breadcrumb":{"@id":"https:\/\/grupobacalao.com\/reserva#breadcrumb"},"inLanguage":"en-GB","potentialAction":[{"@type":"ReadAction","target":["https:\/\/grupobacalao.com\/reserva"]}]},{"@type":"BreadcrumbList","@id":"https:\/\/grupobacalao.com\/reserva#breadcrumb","itemListElement":[{"@type":"ListItem","position":1,"name":"Home","item":"https:\/\/grupobacalao.com\/"},{"@type":"ListItem","position":2,"name":"Reserva"}]},{"@type":"WebSite","@id":"https:\/\/grupobacalao.com\/#website","url":"https:\/\/grupobacalao.com\/","name":"Grupo Bacalao","description":"Grupo Bacalao","publisher":{"@id":"https:\/\/grupobacalao.com\/#organization"},"potentialAction":[{"@type":"SearchAction","target":{"@type":"EntryPoint","urlTemplate":"https:\/\/grupobacalao.com\/?s={search_term_string}"},"query-input":{"@type":"PropertyValueSpecification","valueRequired":true,"valueName":"search_term_string"}}],"inLanguage":"en-GB"},{"@type":"Organization","@id":"https:\/\/grupobacalao.com\/#organization","name":"Grupo Bacalao","url":"https:\/\/grupobacalao.com\/","logo":{"@type":"ImageObject","inLanguage":"en-GB","@id":"https:\/\/grupobacalao.com\/#\/schema\/logo\/image\/","url":"https:\/\/grupobacalao.com\/wp-content\/uploads\/2022\/11\/GRUPO-BACALAO-COLOR-AZUL-Y-CAMEL.png","contentUrl":"https:\/\/grupobacalao.com\/wp-content\/uploads\/2022\/11\/GRUPO-BACALAO-COLOR-AZUL-Y-CAMEL.png","width":5014,"height":1817,"caption":"Grupo Bacalao"},"image":{"@id":"https:\/\/grupobacalao.com\/#\/schema\/logo\/image\/"}}]}},"_links":{"self":[{"href":"https:\/\/grupobacalao.com\/en\/wp-json\/wp\/v2\/pages\/2339"}],"collection":[{"href":"https:\/\/grupobacalao.com\/en\/wp-json\/wp\/v2\/pages"}],"about":[{"href":"https:\/\/grupobacalao.com\/en\/wp-json\/wp\/v2\/types\/page"}],"author":[{"embeddable":true,"href":"https:\/\/grupobacalao.com\/en\/wp-json\/wp\/v2\/users\/1"}],"replies":[{"embeddable":true,"href":"https:\/\/grupobacalao.com\/en\/wp-json\/wp\/v2\/comments?post=2339"}],"version-history":[{"count":21,"href":"https:\/\/grupobacalao.com\/en\/wp-json\/wp\/v2\/pages\/2339\/revisions"}],"predecessor-version":[{"id":2404,"href":"https:\/\/grupobacalao.com\/en\/wp-json\/wp\/v2\/pages\/2339\/revisions\/2404"}],"wp:attachment":[{"href":"https:\/\/grupobacalao.com\/en\/wp-json\/wp\/v2\/media?parent=2339"}],"curies":[{"name":"wp","href":"https:\/\/api.w.org\/{rel}","templated":true}]}}