{"id":2181,"date":"2024-09-19T10:38:07","date_gmt":"2024-09-19T08:38:07","guid":{"rendered":"https:\/\/grupobacalao.com\/?page_id=2181"},"modified":"2024-09-19T10:46:54","modified_gmt":"2024-09-19T08:46:54","slug":"politica-de-cookies-2","status":"publish","type":"page","link":"https:\/\/grupobacalao.com\/en\/politica-de-cookies-2","title":{"rendered":"Pol\u00edtica de Cookies"},"content":{"rendered":"<div data-elementor-type=\"wp-page\" data-elementor-id=\"2181\" class=\"elementor elementor-2181\" data-elementor-post-type=\"page\">\n\t\t\t\t\t\t<section class=\"elementor-section elementor-top-section elementor-element elementor-element-a35d8f5 elementor-section-boxed elementor-section-height-default elementor-section-height-default\" data-id=\"a35d8f5\" data-element_type=\"section\">\n\t\t\t\t\t\t<div class=\"elementor-container elementor-column-gap-default\">\n\t\t\t\t\t<div class=\"elementor-column elementor-col-100 elementor-top-column elementor-element elementor-element-17d82ab\" data-id=\"17d82ab\" data-element_type=\"column\">\n\t\t\t<div class=\"elementor-widget-wrap elementor-element-populated\">\n\t\t\t\t\t\t<div class=\"elementor-element elementor-element-3d4ee77 elementor-widget elementor-widget-text-editor\" data-id=\"3d4ee77\" data-element_type=\"widget\" data-widget_type=\"text-editor.default\">\n\t\t\t\t<div class=\"elementor-widget-container\">\n\t\t\t\t\t\t\t<p><b>\u00bfQu\u00e9 son las cookies?<\/b><\/p>\n<p><span style=\"font-weight: 400;\">Las cookies son peque\u00f1os archivos digitales que recopilan informaci\u00f3n cuando un usuario navega por una p\u00e1gina web.<\/span><\/p>\n<p><b>\u00bfQu\u00e9 tipos de cookies existen?<\/b><\/p>\n<p><span style=\"font-weight: 400;\">Seg\u00fan la entidad que las gestione<\/span><\/p>\n<ul>\n<li style=\"font-weight: 400;\" aria-level=\"1\"><span style=\"font-weight: 400;\">Primera Parte: Establecidas por experimentationcoach.com y permiten ofrecer los servicios solicitados por el usuario.<\/span><\/li>\n<li style=\"font-weight: 400;\" aria-level=\"1\"><span style=\"font-weight: 400;\">Tercera Parte: Establecidas por terceros, que recopilan y gestionan la informaci\u00f3n obtenida.<br><br><\/span><\/li>\n<\/ul>\n<p><span style=\"font-weight: 400;\">Seg\u00fan el periodo de tiempo que permanecen activas<\/span><\/p>\n<ul>\n<li style=\"font-weight: 400;\" aria-level=\"1\"><span style=\"font-weight: 400;\">Sesi\u00f3n: Recopilan y almacenan datos mientras el usuario accede al sitio web y se borran posteriormente.<\/span><\/li>\n<li style=\"font-weight: 400;\" aria-level=\"1\"><span style=\"font-weight: 400;\">Persistentes: Recopilan y almacenan datos dentro del terminal del usuario y son accedidos y procesados durante un per\u00edodo espec\u00edfico por grupobacalao.com.<br><br><\/span><\/li>\n<\/ul>\n<p><span style=\"font-weight: 400;\">Seg\u00fan la finalidad<\/span><\/p>\n<ul>\n<li style=\"font-weight: 400;\" aria-level=\"1\"><span style=\"font-weight: 400;\">T\u00e9cnicas: Permiten la correcta navegaci\u00f3n por el sitio web y la utilizaci\u00f3n de diferentes servicios o funcionalidades dentro del mismo (por ejemplo, controlar el tr\u00e1fico y la comunicaci\u00f3n de datos, identificar sesiones de usuario, completar el proceso de compra de un pedido).<\/span><\/li>\n<li style=\"font-weight: 400;\" aria-level=\"1\"><span style=\"font-weight: 400;\">Preferencias o Personalizaci\u00f3n: Permiten al sitio web recordar informaci\u00f3n del usuario y proporcionarle acceso a servicios con caracter\u00edsticas predefinidas (por ejemplo, idioma, regi\u00f3n o tipo de navegador web).<\/span><\/li>\n<li style=\"font-weight: 400;\" aria-level=\"1\"><span style=\"font-weight: 400;\">An\u00e1lisis o Medici\u00f3n: Permiten el an\u00e1lisis, seguimiento y medici\u00f3n del comportamiento de los usuarios con el fin de mejorar la experiencia de usuario.<\/span><\/li>\n<li style=\"font-weight: 400;\" aria-level=\"1\"><span style=\"font-weight: 400;\">Publicidad y Publicidad comportamental: Obtiene informaci\u00f3n del comportamiento del usuario a trav\u00e9s de la observaci\u00f3n continua de los h\u00e1bitos de navegaci\u00f3n, lo que permite ofrecer publicidad relevante.<\/span><\/li>\n<\/ul>\n<p><b>\u00bfQu\u00e9 tipos de cookies se utilizan en nuestro sitio web?<\/b><\/p>\n<table>\n<tbody>\n<tr>\n<td>\n<p><span style=\"font-weight: 400;\">Name<\/span><\/p>\n<\/td>\n<td>\n<p><span style=\"font-weight: 400;\">Prop\u00f3sito<\/span><\/p>\n<\/td>\n<td>\n<p><span style=\"font-weight: 400;\">Origen<\/span><\/p>\n<\/td>\n<td>\n<p><span style=\"font-weight: 400;\">Duraci\u00f3n<\/span><\/p>\n<\/td>\n<td>\n<p><span style=\"font-weight: 400;\">Descripci\u00f3n<\/span><\/p>\n<\/td>\n<\/tr>\n<tr>\n<td>\n<p><span style=\"font-weight: 400;\">_ga<\/span><\/p>\n<\/td>\n<td>\n<p><span style=\"font-weight: 400;\">Anal\u00edtica<\/span><\/p>\n<\/td>\n<td>\n<p><span style=\"font-weight: 400;\">Tercero<\/span><\/p>\n<\/td>\n<td>\n<p><span style=\"font-weight: 400;\">2 a\u00f1os<\/span><\/p>\n<\/td>\n<td>\n<p><span style=\"font-weight: 400;\">Se utiliza para distinguir a los usuarios.<\/span><\/p>\n<\/td>\n<\/tr>\n<tr>\n<td>\n<p><i><span style=\"font-weight: 400;\">ga<\/span><\/i><span style=\"font-weight: 400;\">&lt;contenedor-id&gt;<\/span><\/p>\n<\/td>\n<td>\n<p><span style=\"font-weight: 400;\">Anal\u00edtica<\/span><\/p>\n<\/td>\n<td>\n<p><span style=\"font-weight: 400;\">Tercero<\/span><\/p>\n<\/td>\n<td>\n<p><span style=\"font-weight: 400;\">2 a\u00f1os<\/span><\/p>\n<\/td>\n<td>\n<p><span style=\"font-weight: 400;\">Se utiliza para mantener el estado de la sesi\u00f3n.<\/span><\/p>\n<\/td>\n<\/tr>\n<\/tbody>\n<\/table>\n<p><span style=\"font-weight: 400;\">El usuario puede obtener m\u00e1s informaci\u00f3n sobre las transferencias de datos personales a pa\u00edses fuera de la Uni\u00f3n Europea por parte de terceros en sus correspondientes pol\u00edticas de privacidad.<\/span><\/p>\n<p><span style=\"font-weight: 400;\">En caso de que grupobacalao.com realice alg\u00fan cambio en las cookies utilizadas en el sitio web, esta Pol\u00edtica de Cookies se actualizar\u00e1 en consecuencia.<\/span><\/p>\n<p><span style=\"font-weight: 400;\">La informaci\u00f3n personal recogida por las cookies, si la hubiera, se tratar\u00e1 de acuerdo con nuestra Pol\u00edtica de Privacidad.<\/span><\/p>\n<p><b>\u00bfC\u00f3mo puedo configurar mis preferencias o rechazar las cookies?<\/b><\/p>\n<p><span style=\"font-weight: 400;\">El usuario puede establecer sus preferencias de cookies utilizando el panel de configuraci\u00f3n disponible en el sitio web. En cualquier caso, grupobacalao.com utilizar\u00e1 cookies t\u00e9cnicas necesarias para la correcta navegaci\u00f3n por la web.<\/span><\/p>\n<p><span style=\"font-weight: 400;\">En caso de que el usuario quiera rechazar las cookies, podr\u00e1 seguir utilizando el sitio web, pero ciertas funciones y servicios pueden verse limitados.<\/span><\/p>\n<p><span style=\"font-weight: 400;\">Adem\u00e1s, el usuario puede consultar las opciones e instrucciones disponibles en su navegador web, accediendo a los siguientes enlaces:<\/span><\/p>\n<ul>\n<li style=\"font-weight: 400;\" aria-level=\"1\"><a href=\"https:\/\/support.microsoft.com\/en-us\/microsoft-edge\/delete-cookies-in-microsoft-edge-63947406-40ac-c3b8-57b9-2a946a29ae09\"><span style=\"font-weight: 400;\">C\u00f3mo configurar las cookies en Microsoft Edge<\/span><\/a><\/li>\n<li style=\"font-weight: 400;\" aria-level=\"1\"><a href=\"https:\/\/support.mozilla.org\/en-US\/kb\/cookies-information-websites-store-on-your-computer\"><span style=\"font-weight: 400;\">C\u00f3mo configurar las cookies en Firefox<\/span><\/a><\/li>\n<li style=\"font-weight: 400;\" aria-level=\"1\"><a href=\"https:\/\/support.google.com\/chrome\/answer\/95647?sjid=3406375568190593134-EU\"><span style=\"font-weight: 400;\">C\u00f3mo configurar las cookies en Google Chrome<\/span><\/a><\/li>\n<li style=\"font-weight: 400;\" aria-level=\"1\"><a href=\"https:\/\/support.apple.com\/en-ie\/HT201265\"><span style=\"font-weight: 400;\">C\u00f3mo configurar las cookies en Safari<\/span><\/a><\/li>\n<li style=\"font-weight: 400;\" aria-level=\"1\"><a href=\"https:\/\/help.opera.com\/en\/latest\/web-preferences\/#cookies\"><span style=\"font-weight: 400;\">C\u00f3mo configurar las cookies en Opera<\/span><\/a><br><br><\/li>\n<\/ul>\n<p><span style=\"font-weight: 400;\">Estos navegadores est\u00e1n sujetos a actualizaciones o cambios, por lo que no podemos garantizar que se ajusten completamente a la versi\u00f3n del navegador del usuario.<\/span><\/p>\n<p><span style=\"font-weight: 400;\">Se puede obtener informaci\u00f3n adicional relacionada con el tratamiento de datos personales mediante cookies accediendo a nuestra Pol\u00edtica de Privacidad.<\/span><\/p>\t\t\t\t\t\t<\/div>\n\t\t\t\t<\/div>\n\t\t\t\t\t<\/div>\n\t\t<\/div>\n\t\t\t\t\t<\/div>\n\t\t<\/section>\n\t\t\t\t<\/div>","protected":false},"excerpt":{"rendered":"<p>\u00bfQu\u00e9 son las cookies? Las cookies son peque\u00f1os archivos digitales que recopilan informaci\u00f3n cuando un usuario navega por una p\u00e1gina web. \u00bfQu\u00e9 tipos de cookies existen? Seg\u00fan la entidad que las gestione Primera Parte: Establecidas por experimentationcoach.com y permiten ofrecer los servicios solicitados por el usuario. Tercera Parte: Establecidas por terceros, que recopilan y gestionan [&hellip;]<\/p>","protected":false},"author":1,"featured_media":0,"parent":0,"menu_order":0,"comment_status":"closed","ping_status":"closed","template":"","meta":{"footnotes":""},"class_list":["post-2181","page","type-page","status-publish","hentry"],"yoast_head":"<!-- This site is optimized with the Yoast SEO plugin v24.7 - https:\/\/yoast.com\/wordpress\/plugins\/seo\/ -->\n<title>Pol\u00edtica de Cookies - Grupo Bacalao<\/title>\n<meta name=\"robots\" content=\"index, follow, max-snippet:-1, max-image-preview:large, max-video-preview:-1\" \/>\n<link rel=\"canonical\" href=\"https:\/\/grupobacalao.com\/en\/politica-de-cookies-2\/\" \/>\n<meta property=\"og:locale\" content=\"en_GB\" \/>\n<meta property=\"og:type\" content=\"article\" \/>\n<meta property=\"og:title\" content=\"Pol\u00edtica de Cookies - Grupo Bacalao\" \/>\n<meta property=\"og:description\" content=\"\u00bfQu\u00e9 son las cookies? Las cookies son peque\u00f1os archivos digitales que recopilan informaci\u00f3n cuando un usuario navega por una p\u00e1gina web. \u00bfQu\u00e9 tipos de cookies existen? Seg\u00fan la entidad que las gestione Primera Parte: Establecidas por experimentationcoach.com y permiten ofrecer los servicios solicitados por el usuario. Tercera Parte: Establecidas por terceros, que recopilan y gestionan [&hellip;]\" \/>\n<meta property=\"og:url\" content=\"https:\/\/grupobacalao.com\/en\/politica-de-cookies-2\/\" \/>\n<meta property=\"og:site_name\" content=\"Grupo Bacalao\" \/>\n<meta property=\"article:modified_time\" content=\"2024-09-19T08:46:54+00:00\" \/>\n<meta name=\"twitter:card\" content=\"summary_large_image\" \/>\n<meta name=\"twitter:label1\" content=\"Est. reading time\" \/>\n\t<meta name=\"twitter:data1\" content=\"3 minutes\" \/>\n<script type=\"application\/ld+json\" class=\"yoast-schema-graph\">{\"@context\":\"https:\/\/schema.org\",\"@graph\":[{\"@type\":\"WebPage\",\"@id\":\"https:\/\/grupobacalao.com\/politica-de-cookies-2\",\"url\":\"https:\/\/grupobacalao.com\/politica-de-cookies-2\",\"name\":\"Pol\u00edtica de Cookies - Grupo Bacalao\",\"isPartOf\":{\"@id\":\"https:\/\/grupobacalao.com\/#website\"},\"datePublished\":\"2024-09-19T08:38:07+00:00\",\"dateModified\":\"2024-09-19T08:46:54+00:00\",\"breadcrumb\":{\"@id\":\"https:\/\/grupobacalao.com\/politica-de-cookies-2#breadcrumb\"},\"inLanguage\":\"en-GB\",\"potentialAction\":[{\"@type\":\"ReadAction\",\"target\":[\"https:\/\/grupobacalao.com\/politica-de-cookies-2\"]}]},{\"@type\":\"BreadcrumbList\",\"@id\":\"https:\/\/grupobacalao.com\/politica-de-cookies-2#breadcrumb\",\"itemListElement\":[{\"@type\":\"ListItem\",\"position\":1,\"name\":\"Home\",\"item\":\"https:\/\/grupobacalao.com\/\"},{\"@type\":\"ListItem\",\"position\":2,\"name\":\"Pol\u00edtica de Cookies\"}]},{\"@type\":\"WebSite\",\"@id\":\"https:\/\/grupobacalao.com\/#website\",\"url\":\"https:\/\/grupobacalao.com\/\",\"name\":\"Grupo Bacalao\",\"description\":\"Grupo Bacalao\",\"publisher\":{\"@id\":\"https:\/\/grupobacalao.com\/#organization\"},\"potentialAction\":[{\"@type\":\"SearchAction\",\"target\":{\"@type\":\"EntryPoint\",\"urlTemplate\":\"https:\/\/grupobacalao.com\/?s={search_term_string}\"},\"query-input\":{\"@type\":\"PropertyValueSpecification\",\"valueRequired\":true,\"valueName\":\"search_term_string\"}}],\"inLanguage\":\"en-GB\"},{\"@type\":\"Organization\",\"@id\":\"https:\/\/grupobacalao.com\/#organization\",\"name\":\"Grupo Bacalao\",\"url\":\"https:\/\/grupobacalao.com\/\",\"logo\":{\"@type\":\"ImageObject\",\"inLanguage\":\"en-GB\",\"@id\":\"https:\/\/grupobacalao.com\/#\/schema\/logo\/image\/\",\"url\":\"https:\/\/grupobacalao.com\/wp-content\/uploads\/2022\/11\/GRUPO-BACALAO-COLOR-AZUL-Y-CAMEL.png\",\"contentUrl\":\"https:\/\/grupobacalao.com\/wp-content\/uploads\/2022\/11\/GRUPO-BACALAO-COLOR-AZUL-Y-CAMEL.png\",\"width\":5014,\"height\":1817,\"caption\":\"Grupo Bacalao\"},\"image\":{\"@id\":\"https:\/\/grupobacalao.com\/#\/schema\/logo\/image\/\"}}]}<\/script>\n<!-- \/ Yoast SEO plugin. -->","yoast_head_json":{"title":"Pol\u00edtica de Cookies - Grupo Bacalao","robots":{"index":"index","follow":"follow","max-snippet":"max-snippet:-1","max-image-preview":"max-image-preview:large","max-video-preview":"max-video-preview:-1"},"canonical":"https:\/\/grupobacalao.com\/en\/politica-de-cookies-2\/","og_locale":"en_GB","og_type":"article","og_title":"Pol\u00edtica de Cookies - Grupo Bacalao","og_description":"\u00bfQu\u00e9 son las cookies? Las cookies son peque\u00f1os archivos digitales que recopilan informaci\u00f3n cuando un usuario navega por una p\u00e1gina web. \u00bfQu\u00e9 tipos de cookies existen? Seg\u00fan la entidad que las gestione Primera Parte: Establecidas por experimentationcoach.com y permiten ofrecer los servicios solicitados por el usuario. Tercera Parte: Establecidas por terceros, que recopilan y gestionan [&hellip;]","og_url":"https:\/\/grupobacalao.com\/en\/politica-de-cookies-2\/","og_site_name":"Grupo Bacalao","article_modified_time":"2024-09-19T08:46:54+00:00","twitter_card":"summary_large_image","twitter_misc":{"Est. reading time":"3 minutes"},"schema":{"@context":"https:\/\/schema.org","@graph":[{"@type":"WebPage","@id":"https:\/\/grupobacalao.com\/politica-de-cookies-2","url":"https:\/\/grupobacalao.com\/politica-de-cookies-2","name":"Pol\u00edtica de Cookies - Grupo Bacalao","isPartOf":{"@id":"https:\/\/grupobacalao.com\/#website"},"datePublished":"2024-09-19T08:38:07+00:00","dateModified":"2024-09-19T08:46:54+00:00","breadcrumb":{"@id":"https:\/\/grupobacalao.com\/politica-de-cookies-2#breadcrumb"},"inLanguage":"en-GB","potentialAction":[{"@type":"ReadAction","target":["https:\/\/grupobacalao.com\/politica-de-cookies-2"]}]},{"@type":"BreadcrumbList","@id":"https:\/\/grupobacalao.com\/politica-de-cookies-2#breadcrumb","itemListElement":[{"@type":"ListItem","position":1,"name":"Home","item":"https:\/\/grupobacalao.com\/"},{"@type":"ListItem","position":2,"name":"Pol\u00edtica de Cookies"}]},{"@type":"WebSite","@id":"https:\/\/grupobacalao.com\/#website","url":"https:\/\/grupobacalao.com\/","name":"Grupo Bacalao","description":"Grupo Bacalao","publisher":{"@id":"https:\/\/grupobacalao.com\/#organization"},"potentialAction":[{"@type":"SearchAction","target":{"@type":"EntryPoint","urlTemplate":"https:\/\/grupobacalao.com\/?s={search_term_string}"},"query-input":{"@type":"PropertyValueSpecification","valueRequired":true,"valueName":"search_term_string"}}],"inLanguage":"en-GB"},{"@type":"Organization","@id":"https:\/\/grupobacalao.com\/#organization","name":"Grupo Bacalao","url":"https:\/\/grupobacalao.com\/","logo":{"@type":"ImageObject","inLanguage":"en-GB","@id":"https:\/\/grupobacalao.com\/#\/schema\/logo\/image\/","url":"https:\/\/grupobacalao.com\/wp-content\/uploads\/2022\/11\/GRUPO-BACALAO-COLOR-AZUL-Y-CAMEL.png","contentUrl":"https:\/\/grupobacalao.com\/wp-content\/uploads\/2022\/11\/GRUPO-BACALAO-COLOR-AZUL-Y-CAMEL.png","width":5014,"height":1817,"caption":"Grupo Bacalao"},"image":{"@id":"https:\/\/grupobacalao.com\/#\/schema\/logo\/image\/"}}]}},"_links":{"self":[{"href":"https:\/\/grupobacalao.com\/en\/wp-json\/wp\/v2\/pages\/2181"}],"collection":[{"href":"https:\/\/grupobacalao.com\/en\/wp-json\/wp\/v2\/pages"}],"about":[{"href":"https:\/\/grupobacalao.com\/en\/wp-json\/wp\/v2\/types\/page"}],"author":[{"embeddable":true,"href":"https:\/\/grupobacalao.com\/en\/wp-json\/wp\/v2\/users\/1"}],"replies":[{"embeddable":true,"href":"https:\/\/grupobacalao.com\/en\/wp-json\/wp\/v2\/comments?post=2181"}],"version-history":[{"count":8,"href":"https:\/\/grupobacalao.com\/en\/wp-json\/wp\/v2\/pages\/2181\/revisions"}],"predecessor-version":[{"id":2190,"href":"https:\/\/grupobacalao.com\/en\/wp-json\/wp\/v2\/pages\/2181\/revisions\/2190"}],"wp:attachment":[{"href":"https:\/\/grupobacalao.com\/en\/wp-json\/wp\/v2\/media?parent=2181"}],"curies":[{"name":"wp","href":"https:\/\/api.w.org\/{rel}","templated":true}]}}