{"id":2175,"date":"2024-09-19T10:33:31","date_gmt":"2024-09-19T08:33:31","guid":{"rendered":"https:\/\/grupobacalao.com\/?page_id=2175"},"modified":"2024-09-19T10:59:35","modified_gmt":"2024-09-19T08:59:35","slug":"politica-de-privacidad","status":"publish","type":"page","link":"https:\/\/grupobacalao.com\/en\/politica-de-privacidad","title":{"rendered":"Pol\u00edtica de Privacidad"},"content":{"rendered":"<div data-elementor-type=\"wp-page\" data-elementor-id=\"2175\" class=\"elementor elementor-2175\" data-elementor-post-type=\"page\">\n\t\t\t\t\t\t<section class=\"elementor-section elementor-top-section elementor-element elementor-element-d8d4f8f elementor-section-boxed elementor-section-height-default elementor-section-height-default\" data-id=\"d8d4f8f\" data-element_type=\"section\">\n\t\t\t\t\t\t<div class=\"elementor-container elementor-column-gap-default\">\n\t\t\t\t\t<div class=\"elementor-column elementor-col-100 elementor-top-column elementor-element elementor-element-ec9c9b1\" data-id=\"ec9c9b1\" data-element_type=\"column\">\n\t\t\t<div class=\"elementor-widget-wrap elementor-element-populated\">\n\t\t\t\t\t\t<div class=\"elementor-element elementor-element-ccf2a85 elementor-widget elementor-widget-text-editor\" data-id=\"ccf2a85\" data-element_type=\"widget\" data-widget_type=\"text-editor.default\">\n\t\t\t\t<div class=\"elementor-widget-container\">\n\t\t\t\t\t\t\t<p><b>\u00bfQui\u00e9n es el responsable del tratamiento de sus datos personales?<\/b><\/p>\n<p><span style=\"font-weight: 400;\">Solo nuestra organizaci\u00f3n. Nuestro nombre legal es&nbsp;<\/span>Antisa Restauraci\u00f3n, S.L. (CIF:&nbsp;<span style=\"color: var( --e-global-color-text ); font-family: var( --e-global-typography-text-font-family ), Sans-serif; font-weight: var( --e-global-typography-text-font-weight ); font-size: 1rem;\">B72685514)<\/span><span style=\"color: var( --e-global-color-text ); font-family: var( --e-global-typography-text-font-family ), Sans-serif; font-weight: var( --e-global-typography-text-font-weight ); font-size: 1rem;\">&nbsp;<\/span><span style=\"color: var( --e-global-color-text ); font-family: var( --e-global-typography-text-font-family ), Sans-serif; font-size: 1rem;\">. Tenemos nuestras oficinas en&nbsp;<\/span><span style=\"color: var( --e-global-color-text ); font-family: var( --e-global-typography-text-font-family ), Sans-serif; font-weight: var( --e-global-typography-text-font-weight ); font-size: 1rem;\">C\/ Muro de los Navarros, 15 (Sevilla)<\/span><span style=\"color: var( --e-global-color-text ); font-family: var( --e-global-typography-text-font-family ), Sans-serif; font-size: 1rem;\">. Si desea ponerse en contacto con nosotros, se lo ponemos f\u00e1cil. Tiene dos opciones:<\/span><\/p>\n<ul>\n<li style=\"font-weight: 400;\" aria-level=\"1\"><span style=\"font-weight: 400;\">Enviar un correo electr\u00f3nico a info@grupobacalao.com<\/span><\/li>\n<li style=\"\" aria-level=\"1\"><span style=\"font-weight: 400;\">Ll\u00e1manos por tel\u00e9fono al (+34)&nbsp;<\/span>672 97 50 17<br><br><\/li>\n<\/ul>\n<p><b>\u00bfQu\u00e9 haremos con sus datos?<\/b><\/p>\n<p><span style=\"font-weight: 400;\">Lo estrictamente necesario para poder atender la solicitud que nos env\u00ede a trav\u00e9s de nuestro sitio web de la mejor manera posible. Adem\u00e1s, solo si nos lo solicita, le enviaremos comunicaciones informativas con las novedades de nuestra empresa o noticias del sector digital experimental. Basta con que seas mayor de 14 a\u00f1os. Si eres menor de edad, pide a tus padres que se pongan en contacto con nosotros.<\/span><\/p>\n<p><b>\u00bfCu\u00e1nto tiempo conservaremos sus datos?<\/b><\/p>\n<p><span style=\"font-weight: 400;\">El tiempo necesario para poder atender su consulta. En el caso de que tambi\u00e9n haya solicitado recibir comunicaciones informativas, las mantendremos, siempre y cuando no nos solicite su eliminaci\u00f3n, ya que de lo contrario no podremos comunicarnos con usted y se perder\u00e1 las novedades de nuestra empresa o del sector digital, que siempre son muy interesantes.<\/span><\/p>\n<p><\/p>\n<p><b>\u00bfCon qu\u00e9 base legal podemos tratar sus datos?<\/b><\/p>\n<p><span style=\"font-weight: 400;\">Con el consentimiento que nos da al hacer clic en el bot\u00f3n junto a la frase \u00abHe le\u00eddo y acepto la Pol\u00edtica de Privacidad\u00bb. Tenga en cuenta que puede revocar su consentimiento en cualquier momento, sin que ello afecte al tratamiento de los datos personales que hayamos realizado hasta ese momento. Es necesario que rellene los campos marcados como \u00abobligatorios\u00bb en el formulario de contacto, ya que, si no lo hace, no podremos atenderle o, en su caso, enviarle nuestras comunicaciones informativas.<\/span><\/p>\n<p><b>\u00bfA qui\u00e9n podemos comunicar sus datos?<\/b><\/p>\n<p><span style=\"font-weight: 400;\">A nadie, a menos que exista una ley o un requerimiento de una Autoridad que nos obligue a hacerlo. Sin embargo, podemos alojar los datos en proveedores que pueden tener sus servidores ubicados fuera de la Uni\u00f3n Europea, siempre que hayamos suscrito las cl\u00e1usulas necesarias para poder hacerlo. Si desea m\u00e1s informaci\u00f3n al respecto, contacte con nosotros por correo electr\u00f3nico a info@grupobacalao.com.<\/span><\/p>\n<p><b>Y por \u00faltimo, \u00bfqu\u00e9 derechos tiene usted en relaci\u00f3n con el tratamiento de sus datos?<\/b><\/p>\n<p><span style=\"font-weight: 400;\">Los que contempla la legislaci\u00f3n vigente. De esta forma, puede solicitarnos que le informemos sobre sus datos que tenemos, que rectifiquemos cualquier dato inexacto o incluso que lo eliminemos, cuando ya no sea necesario para los fines para los que fue recogido. Tambi\u00e9n puede solicitar el ejercicio de otros derechos como la limitaci\u00f3n, la portabilidad y la oposici\u00f3n. Para poder ejercer todos estos derechos, simplemente h\u00e1ganoslo saber envi\u00e1ndonos un correo electr\u00f3nico a: pedro@pedrofernandez.tech. Si ve que no le escuchamos o no est\u00e1 de acuerdo con lo que le decimos, tambi\u00e9n puede solicitar informaci\u00f3n a la famosa Agencia Espa\u00f1ola de Protecci\u00f3n de Datos, que tiene su sede en la C\/ Jorge Juan, 6 de Madrid.<\/span><\/p>\n<p><b>Actualizaci\u00f3n: Septiembre 2024<\/b><\/p>\n<p><\/p>\t\t\t\t\t\t<\/div>\n\t\t\t\t<\/div>\n\t\t\t\t\t<\/div>\n\t\t<\/div>\n\t\t\t\t\t<\/div>\n\t\t<\/section>\n\t\t\t\t<\/div>","protected":false},"excerpt":{"rendered":"<p>\u00bfQui\u00e9n es el responsable del tratamiento de sus datos personales? Solo nuestra organizaci\u00f3n. Nuestro nombre legal es&nbsp;Antisa Restauraci\u00f3n, S.L. (CIF:&nbsp;B72685514)&nbsp;. Tenemos nuestras oficinas en&nbsp;C\/ Muro de los Navarros, 15 (Sevilla). Si desea ponerse en contacto con nosotros, se lo ponemos f\u00e1cil. Tiene dos opciones: Enviar un correo electr\u00f3nico a info@grupobacalao.com Ll\u00e1manos por tel\u00e9fono al (+34)&nbsp;672 [&hellip;]<\/p>","protected":false},"author":1,"featured_media":0,"parent":0,"menu_order":0,"comment_status":"closed","ping_status":"closed","template":"","meta":{"footnotes":""},"class_list":["post-2175","page","type-page","status-publish","hentry"],"yoast_head":"<!-- This site is optimized with the Yoast SEO plugin v24.7 - https:\/\/yoast.com\/wordpress\/plugins\/seo\/ -->\n<title>Pol\u00edtica de Privacidad - Grupo Bacalao<\/title>\n<meta name=\"robots\" content=\"index, follow, max-snippet:-1, max-image-preview:large, max-video-preview:-1\" \/>\n<link rel=\"canonical\" href=\"https:\/\/grupobacalao.com\/en\/politica-de-privacidad\/\" \/>\n<meta property=\"og:locale\" content=\"en_GB\" \/>\n<meta property=\"og:type\" content=\"article\" \/>\n<meta property=\"og:title\" content=\"Pol\u00edtica de Privacidad - Grupo Bacalao\" \/>\n<meta property=\"og:description\" content=\"\u00bfQui\u00e9n es el responsable del tratamiento de sus datos personales? Solo nuestra organizaci\u00f3n. Nuestro nombre legal es&nbsp;Antisa Restauraci\u00f3n, S.L. (CIF:&nbsp;B72685514)&nbsp;. Tenemos nuestras oficinas en&nbsp;C\/ Muro de los Navarros, 15 (Sevilla). Si desea ponerse en contacto con nosotros, se lo ponemos f\u00e1cil. Tiene dos opciones: Enviar un correo electr\u00f3nico a info@grupobacalao.com Ll\u00e1manos por tel\u00e9fono al (+34)&nbsp;672 [&hellip;]\" \/>\n<meta property=\"og:url\" content=\"https:\/\/grupobacalao.com\/en\/politica-de-privacidad\/\" \/>\n<meta property=\"og:site_name\" content=\"Grupo Bacalao\" \/>\n<meta property=\"article:modified_time\" content=\"2024-09-19T08:59:35+00:00\" \/>\n<meta name=\"twitter:card\" content=\"summary_large_image\" \/>\n<meta name=\"twitter:label1\" content=\"Est. reading time\" \/>\n\t<meta name=\"twitter:data1\" content=\"3 minutes\" \/>\n<script type=\"application\/ld+json\" class=\"yoast-schema-graph\">{\"@context\":\"https:\/\/schema.org\",\"@graph\":[{\"@type\":\"WebPage\",\"@id\":\"https:\/\/grupobacalao.com\/politica-de-privacidad\",\"url\":\"https:\/\/grupobacalao.com\/politica-de-privacidad\",\"name\":\"Pol\u00edtica de Privacidad - Grupo Bacalao\",\"isPartOf\":{\"@id\":\"https:\/\/grupobacalao.com\/#website\"},\"datePublished\":\"2024-09-19T08:33:31+00:00\",\"dateModified\":\"2024-09-19T08:59:35+00:00\",\"breadcrumb\":{\"@id\":\"https:\/\/grupobacalao.com\/politica-de-privacidad#breadcrumb\"},\"inLanguage\":\"en-GB\",\"potentialAction\":[{\"@type\":\"ReadAction\",\"target\":[\"https:\/\/grupobacalao.com\/politica-de-privacidad\"]}]},{\"@type\":\"BreadcrumbList\",\"@id\":\"https:\/\/grupobacalao.com\/politica-de-privacidad#breadcrumb\",\"itemListElement\":[{\"@type\":\"ListItem\",\"position\":1,\"name\":\"Home\",\"item\":\"https:\/\/grupobacalao.com\/\"},{\"@type\":\"ListItem\",\"position\":2,\"name\":\"Pol\u00edtica de Privacidad\"}]},{\"@type\":\"WebSite\",\"@id\":\"https:\/\/grupobacalao.com\/#website\",\"url\":\"https:\/\/grupobacalao.com\/\",\"name\":\"Grupo Bacalao\",\"description\":\"Grupo Bacalao\",\"publisher\":{\"@id\":\"https:\/\/grupobacalao.com\/#organization\"},\"potentialAction\":[{\"@type\":\"SearchAction\",\"target\":{\"@type\":\"EntryPoint\",\"urlTemplate\":\"https:\/\/grupobacalao.com\/?s={search_term_string}\"},\"query-input\":{\"@type\":\"PropertyValueSpecification\",\"valueRequired\":true,\"valueName\":\"search_term_string\"}}],\"inLanguage\":\"en-GB\"},{\"@type\":\"Organization\",\"@id\":\"https:\/\/grupobacalao.com\/#organization\",\"name\":\"Grupo Bacalao\",\"url\":\"https:\/\/grupobacalao.com\/\",\"logo\":{\"@type\":\"ImageObject\",\"inLanguage\":\"en-GB\",\"@id\":\"https:\/\/grupobacalao.com\/#\/schema\/logo\/image\/\",\"url\":\"https:\/\/grupobacalao.com\/wp-content\/uploads\/2022\/11\/GRUPO-BACALAO-COLOR-AZUL-Y-CAMEL.png\",\"contentUrl\":\"https:\/\/grupobacalao.com\/wp-content\/uploads\/2022\/11\/GRUPO-BACALAO-COLOR-AZUL-Y-CAMEL.png\",\"width\":5014,\"height\":1817,\"caption\":\"Grupo Bacalao\"},\"image\":{\"@id\":\"https:\/\/grupobacalao.com\/#\/schema\/logo\/image\/\"}}]}<\/script>\n<!-- \/ Yoast SEO plugin. -->","yoast_head_json":{"title":"Pol\u00edtica de Privacidad - Grupo Bacalao","robots":{"index":"index","follow":"follow","max-snippet":"max-snippet:-1","max-image-preview":"max-image-preview:large","max-video-preview":"max-video-preview:-1"},"canonical":"https:\/\/grupobacalao.com\/en\/politica-de-privacidad\/","og_locale":"en_GB","og_type":"article","og_title":"Pol\u00edtica de Privacidad - Grupo Bacalao","og_description":"\u00bfQui\u00e9n es el responsable del tratamiento de sus datos personales? Solo nuestra organizaci\u00f3n. Nuestro nombre legal es&nbsp;Antisa Restauraci\u00f3n, S.L. (CIF:&nbsp;B72685514)&nbsp;. Tenemos nuestras oficinas en&nbsp;C\/ Muro de los Navarros, 15 (Sevilla). Si desea ponerse en contacto con nosotros, se lo ponemos f\u00e1cil. Tiene dos opciones: Enviar un correo electr\u00f3nico a info@grupobacalao.com Ll\u00e1manos por tel\u00e9fono al (+34)&nbsp;672 [&hellip;]","og_url":"https:\/\/grupobacalao.com\/en\/politica-de-privacidad\/","og_site_name":"Grupo Bacalao","article_modified_time":"2024-09-19T08:59:35+00:00","twitter_card":"summary_large_image","twitter_misc":{"Est. reading time":"3 minutes"},"schema":{"@context":"https:\/\/schema.org","@graph":[{"@type":"WebPage","@id":"https:\/\/grupobacalao.com\/politica-de-privacidad","url":"https:\/\/grupobacalao.com\/politica-de-privacidad","name":"Pol\u00edtica de Privacidad - Grupo Bacalao","isPartOf":{"@id":"https:\/\/grupobacalao.com\/#website"},"datePublished":"2024-09-19T08:33:31+00:00","dateModified":"2024-09-19T08:59:35+00:00","breadcrumb":{"@id":"https:\/\/grupobacalao.com\/politica-de-privacidad#breadcrumb"},"inLanguage":"en-GB","potentialAction":[{"@type":"ReadAction","target":["https:\/\/grupobacalao.com\/politica-de-privacidad"]}]},{"@type":"BreadcrumbList","@id":"https:\/\/grupobacalao.com\/politica-de-privacidad#breadcrumb","itemListElement":[{"@type":"ListItem","position":1,"name":"Home","item":"https:\/\/grupobacalao.com\/"},{"@type":"ListItem","position":2,"name":"Pol\u00edtica de Privacidad"}]},{"@type":"WebSite","@id":"https:\/\/grupobacalao.com\/#website","url":"https:\/\/grupobacalao.com\/","name":"Grupo Bacalao","description":"Grupo Bacalao","publisher":{"@id":"https:\/\/grupobacalao.com\/#organization"},"potentialAction":[{"@type":"SearchAction","target":{"@type":"EntryPoint","urlTemplate":"https:\/\/grupobacalao.com\/?s={search_term_string}"},"query-input":{"@type":"PropertyValueSpecification","valueRequired":true,"valueName":"search_term_string"}}],"inLanguage":"en-GB"},{"@type":"Organization","@id":"https:\/\/grupobacalao.com\/#organization","name":"Grupo Bacalao","url":"https:\/\/grupobacalao.com\/","logo":{"@type":"ImageObject","inLanguage":"en-GB","@id":"https:\/\/grupobacalao.com\/#\/schema\/logo\/image\/","url":"https:\/\/grupobacalao.com\/wp-content\/uploads\/2022\/11\/GRUPO-BACALAO-COLOR-AZUL-Y-CAMEL.png","contentUrl":"https:\/\/grupobacalao.com\/wp-content\/uploads\/2022\/11\/GRUPO-BACALAO-COLOR-AZUL-Y-CAMEL.png","width":5014,"height":1817,"caption":"Grupo Bacalao"},"image":{"@id":"https:\/\/grupobacalao.com\/#\/schema\/logo\/image\/"}}]}},"_links":{"self":[{"href":"https:\/\/grupobacalao.com\/en\/wp-json\/wp\/v2\/pages\/2175"}],"collection":[{"href":"https:\/\/grupobacalao.com\/en\/wp-json\/wp\/v2\/pages"}],"about":[{"href":"https:\/\/grupobacalao.com\/en\/wp-json\/wp\/v2\/types\/page"}],"author":[{"embeddable":true,"href":"https:\/\/grupobacalao.com\/en\/wp-json\/wp\/v2\/users\/1"}],"replies":[{"embeddable":true,"href":"https:\/\/grupobacalao.com\/en\/wp-json\/wp\/v2\/comments?post=2175"}],"version-history":[{"count":7,"href":"https:\/\/grupobacalao.com\/en\/wp-json\/wp\/v2\/pages\/2175\/revisions"}],"predecessor-version":[{"id":2196,"href":"https:\/\/grupobacalao.com\/en\/wp-json\/wp\/v2\/pages\/2175\/revisions\/2196"}],"wp:attachment":[{"href":"https:\/\/grupobacalao.com\/en\/wp-json\/wp\/v2\/media?parent=2175"}],"curies":[{"name":"wp","href":"https:\/\/api.w.org\/{rel}","templated":true}]}}