{"id":151,"date":"2022-11-17T14:56:28","date_gmt":"2022-11-17T14:56:28","guid":{"rendered":"http:\/\/elbacalaorestaurante.es\/?page_id=151"},"modified":"2025-02-06T16:58:00","modified_gmt":"2025-02-06T14:58:00","slug":"menu-bacalao","status":"publish","type":"page","link":"https:\/\/grupobacalao.com\/en\/menu-bacalao","title":{"rendered":"Menu Bacalao"},"content":{"rendered":"<div data-elementor-type=\"wp-page\" data-elementor-id=\"151\" class=\"elementor elementor-151\" data-elementor-post-type=\"page\">\n\t\t\t\t\t\t<section class=\"elementor-section elementor-top-section elementor-element elementor-element-3c303ca elementor-section-full_width elementor-section-height-default elementor-section-height-default\" data-id=\"3c303ca\" data-element_type=\"section\" data-settings=\"{&quot;background_background&quot;:&quot;classic&quot;}\">\n\t\t\t\t\t\t<div class=\"elementor-container elementor-column-gap-default\">\n\t\t\t\t\t<div class=\"elementor-column elementor-col-20 elementor-top-column elementor-element elementor-element-f6daddb\" data-id=\"f6daddb\" data-element_type=\"column\">\n\t\t\t<div class=\"elementor-widget-wrap\">\n\t\t\t\t\t\t\t<\/div>\n\t\t<\/div>\n\t\t\t\t<div class=\"elementor-column elementor-col-20 elementor-top-column elementor-element elementor-element-dae44fc\" data-id=\"dae44fc\" data-element_type=\"column\">\n\t\t\t<div class=\"elementor-widget-wrap\">\n\t\t\t\t\t\t\t<\/div>\n\t\t<\/div>\n\t\t\t\t<div class=\"elementor-column elementor-col-20 elementor-top-column elementor-element elementor-element-f7b7bb1\" data-id=\"f7b7bb1\" data-element_type=\"column\">\n\t\t\t<div class=\"elementor-widget-wrap elementor-element-populated\">\n\t\t\t\t\t\t<div class=\"elementor-element elementor-element-c628913 elementor-widget elementor-widget-image\" data-id=\"c628913\" data-element_type=\"widget\" data-widget_type=\"image.default\">\n\t\t\t\t<div class=\"elementor-widget-container\">\n\t\t\t\t\t\t\t\t\t\t\t\t\t<img fetchpriority=\"high\" decoding=\"async\" width=\"800\" height=\"290\" src=\"https:\/\/grupobacalao.com\/wp-content\/uploads\/2022\/11\/BACALAO-COLOR-AZUL-Y-CAMEL-1024x371.png\" class=\"attachment-large size-large wp-image-168\" alt=\"\" srcset=\"https:\/\/grupobacalao.com\/wp-content\/uploads\/2022\/11\/BACALAO-COLOR-AZUL-Y-CAMEL-1024x371.png 1024w, https:\/\/grupobacalao.com\/wp-content\/uploads\/2022\/11\/BACALAO-COLOR-AZUL-Y-CAMEL-600x217.png 600w, https:\/\/grupobacalao.com\/wp-content\/uploads\/2022\/11\/BACALAO-COLOR-AZUL-Y-CAMEL-300x109.png 300w, https:\/\/grupobacalao.com\/wp-content\/uploads\/2022\/11\/BACALAO-COLOR-AZUL-Y-CAMEL-768x278.png 768w, https:\/\/grupobacalao.com\/wp-content\/uploads\/2022\/11\/BACALAO-COLOR-AZUL-Y-CAMEL-1536x557.png 1536w, https:\/\/grupobacalao.com\/wp-content\/uploads\/2022\/11\/BACALAO-COLOR-AZUL-Y-CAMEL-2048x742.png 2048w\" sizes=\"(max-width: 800px) 100vw, 800px\" \/>\t\t\t\t\t\t\t\t\t\t\t\t\t<\/div>\n\t\t\t\t<\/div>\n\t\t\t\t\t<\/div>\n\t\t<\/div>\n\t\t\t\t<div class=\"elementor-column elementor-col-20 elementor-top-column elementor-element elementor-element-bdac297\" data-id=\"bdac297\" data-element_type=\"column\">\n\t\t\t<div class=\"elementor-widget-wrap\">\n\t\t\t\t\t\t\t<\/div>\n\t\t<\/div>\n\t\t\t\t<div class=\"elementor-column elementor-col-20 elementor-top-column elementor-element elementor-element-ac4bc9f\" data-id=\"ac4bc9f\" data-element_type=\"column\">\n\t\t\t<div class=\"elementor-widget-wrap\">\n\t\t\t\t\t\t\t<\/div>\n\t\t<\/div>\n\t\t\t\t\t<\/div>\n\t\t<\/section>\n\t\t\t\t<section class=\"elementor-section elementor-top-section elementor-element elementor-element-b649f65 elementor-section-boxed elementor-section-height-default elementor-section-height-default\" data-id=\"b649f65\" data-element_type=\"section\" data-settings=\"{&quot;background_background&quot;:&quot;classic&quot;}\">\n\t\t\t\t\t\t\t<div class=\"elementor-background-overlay\"><\/div>\n\t\t\t\t\t\t\t<div class=\"elementor-container elementor-column-gap-default\">\n\t\t\t\t\t<div class=\"elementor-column elementor-col-33 elementor-top-column elementor-element elementor-element-0086763\" data-id=\"0086763\" data-element_type=\"column\" data-settings=\"{&quot;background_background&quot;:&quot;classic&quot;}\">\n\t\t\t<div class=\"elementor-widget-wrap elementor-element-populated\">\n\t\t\t\t\t<div class=\"elementor-background-overlay\"><\/div>\n\t\t\t\t\t\t<div class=\"elementor-element elementor-element-2f79655 elementor-widget elementor-widget-spacer\" data-id=\"2f79655\" data-element_type=\"widget\" data-widget_type=\"spacer.default\">\n\t\t\t\t<div class=\"elementor-widget-container\">\n\t\t\t\t\t<div class=\"elementor-spacer\">\n\t\t\t<div class=\"elementor-spacer-inner\"><\/div>\n\t\t<\/div>\n\t\t\t\t<\/div>\n\t\t\t\t<\/div>\n\t\t\t\t<div class=\"elementor-element elementor-element-3570990 elementor-widget elementor-widget-heading\" data-id=\"3570990\" data-element_type=\"widget\" data-widget_type=\"heading.default\">\n\t\t\t\t<div class=\"elementor-widget-container\">\n\t\t\t<h2 class=\"elementor-heading-title elementor-size-default\"><a href=\"https:\/\/grupobacalao.com\/wp-content\/uploads\/2024\/09\/CARTA-RESTAURANTE-BACALAO-2024.pdf\">Carta<\/a><\/h2>\t\t<\/div>\n\t\t\t\t<\/div>\n\t\t\t\t<div class=\"elementor-element elementor-element-1793b03 elementor-widget elementor-widget-spacer\" data-id=\"1793b03\" data-element_type=\"widget\" data-widget_type=\"spacer.default\">\n\t\t\t\t<div class=\"elementor-widget-container\">\n\t\t\t\t\t<div class=\"elementor-spacer\">\n\t\t\t<div class=\"elementor-spacer-inner\"><\/div>\n\t\t<\/div>\n\t\t\t\t<\/div>\n\t\t\t\t<\/div>\n\t\t\t\t\t<\/div>\n\t\t<\/div>\n\t\t\t\t<div class=\"elementor-column elementor-col-33 elementor-top-column elementor-element elementor-element-a9892ac\" data-id=\"a9892ac\" data-element_type=\"column\" data-settings=\"{&quot;background_background&quot;:&quot;classic&quot;}\">\n\t\t\t<div class=\"elementor-widget-wrap elementor-element-populated\">\n\t\t\t\t\t<div class=\"elementor-background-overlay\"><\/div>\n\t\t\t\t\t\t<div class=\"elementor-element elementor-element-4620492 elementor-widget elementor-widget-spacer\" data-id=\"4620492\" data-element_type=\"widget\" data-widget_type=\"spacer.default\">\n\t\t\t\t<div class=\"elementor-widget-container\">\n\t\t\t\t\t<div class=\"elementor-spacer\">\n\t\t\t<div class=\"elementor-spacer-inner\"><\/div>\n\t\t<\/div>\n\t\t\t\t<\/div>\n\t\t\t\t<\/div>\n\t\t\t\t<div class=\"elementor-element elementor-element-9a2838e elementor-widget elementor-widget-heading\" data-id=\"9a2838e\" data-element_type=\"widget\" data-widget_type=\"heading.default\">\n\t\t\t\t<div class=\"elementor-widget-container\">\n\t\t\t<h2 class=\"elementor-heading-title elementor-size-default\"><a href=\"http:\/\/elbacalaorestaurante.es\/wp-content\/uploads\/2022\/11\/BACALAO-\u00b7-Vinoteca.pdf\">End\u00falzate<\/a><\/h2>\t\t<\/div>\n\t\t\t\t<\/div>\n\t\t\t\t<div class=\"elementor-element elementor-element-765a7f5 elementor-widget elementor-widget-spacer\" data-id=\"765a7f5\" data-element_type=\"widget\" data-widget_type=\"spacer.default\">\n\t\t\t\t<div class=\"elementor-widget-container\">\n\t\t\t\t\t<div class=\"elementor-spacer\">\n\t\t\t<div class=\"elementor-spacer-inner\"><\/div>\n\t\t<\/div>\n\t\t\t\t<\/div>\n\t\t\t\t<\/div>\n\t\t\t\t\t<\/div>\n\t\t<\/div>\n\t\t\t\t<div class=\"elementor-column elementor-col-33 elementor-top-column elementor-element elementor-element-7101e1d\" data-id=\"7101e1d\" data-element_type=\"column\" data-settings=\"{&quot;background_background&quot;:&quot;classic&quot;}\">\n\t\t\t<div class=\"elementor-widget-wrap elementor-element-populated\">\n\t\t\t\t\t<div class=\"elementor-background-overlay\"><\/div>\n\t\t\t\t\t\t<div class=\"elementor-element elementor-element-ba2a4a8 elementor-widget elementor-widget-spacer\" data-id=\"ba2a4a8\" data-element_type=\"widget\" data-widget_type=\"spacer.default\">\n\t\t\t\t<div class=\"elementor-widget-container\">\n\t\t\t\t\t<div class=\"elementor-spacer\">\n\t\t\t<div class=\"elementor-spacer-inner\"><\/div>\n\t\t<\/div>\n\t\t\t\t<\/div>\n\t\t\t\t<\/div>\n\t\t\t\t<div class=\"elementor-element elementor-element-bb0c28e elementor-widget elementor-widget-heading\" data-id=\"bb0c28e\" data-element_type=\"widget\" data-widget_type=\"heading.default\">\n\t\t\t\t<div class=\"elementor-widget-container\">\n\t\t\t<h2 class=\"elementor-heading-title elementor-size-default\"><a href=\"https:\/\/grupobacalao.com\/wp-content\/uploads\/2022\/11\/BACALAO-\u00b7-Carta-de-Alergenos.pdf\">Al\u00e9rgenos<\/a><\/h2>\t\t<\/div>\n\t\t\t\t<\/div>\n\t\t\t\t<div class=\"elementor-element elementor-element-6706dac elementor-widget elementor-widget-spacer\" data-id=\"6706dac\" data-element_type=\"widget\" data-widget_type=\"spacer.default\">\n\t\t\t\t<div class=\"elementor-widget-container\">\n\t\t\t\t\t<div class=\"elementor-spacer\">\n\t\t\t<div class=\"elementor-spacer-inner\"><\/div>\n\t\t<\/div>\n\t\t\t\t<\/div>\n\t\t\t\t<\/div>\n\t\t\t\t\t<\/div>\n\t\t<\/div>\n\t\t\t\t\t<\/div>\n\t\t<\/section>\n\t\t\t\t<section class=\"elementor-section elementor-top-section elementor-element elementor-element-77dce01 elementor-section-boxed elementor-section-height-default elementor-section-height-default\" data-id=\"77dce01\" data-element_type=\"section\" data-settings=\"{&quot;background_background&quot;:&quot;classic&quot;}\">\n\t\t\t\t\t\t\t<div class=\"elementor-background-overlay\"><\/div>\n\t\t\t\t\t\t\t<div class=\"elementor-container elementor-column-gap-default\">\n\t\t\t\t\t<div class=\"elementor-column elementor-col-33 elementor-top-column elementor-element elementor-element-e6dcb30\" data-id=\"e6dcb30\" data-element_type=\"column\" data-settings=\"{&quot;background_background&quot;:&quot;classic&quot;}\">\n\t\t\t<div class=\"elementor-widget-wrap elementor-element-populated\">\n\t\t\t\t\t<div class=\"elementor-background-overlay\"><\/div>\n\t\t\t\t\t\t<div class=\"elementor-element elementor-element-6f1c89f elementor-widget elementor-widget-spacer\" data-id=\"6f1c89f\" data-element_type=\"widget\" data-widget_type=\"spacer.default\">\n\t\t\t\t<div class=\"elementor-widget-container\">\n\t\t\t\t\t<div class=\"elementor-spacer\">\n\t\t\t<div class=\"elementor-spacer-inner\"><\/div>\n\t\t<\/div>\n\t\t\t\t<\/div>\n\t\t\t\t<\/div>\n\t\t\t\t<div class=\"elementor-element elementor-element-a301c85 elementor-widget elementor-widget-heading\" data-id=\"a301c85\" data-element_type=\"widget\" data-widget_type=\"heading.default\">\n\t\t\t\t<div class=\"elementor-widget-container\">\n\t\t\t<h2 class=\"elementor-heading-title elementor-size-default\"><a href=\"https:\/\/grupobacalao.com\/wp-content\/uploads\/2025\/02\/BACALAO-\u00b7-Carta-de-Vinos-2024.pdf\">Vinoteca<\/a><\/h2>\t\t<\/div>\n\t\t\t\t<\/div>\n\t\t\t\t<div class=\"elementor-element elementor-element-75dfd97 elementor-widget elementor-widget-spacer\" data-id=\"75dfd97\" data-element_type=\"widget\" data-widget_type=\"spacer.default\">\n\t\t\t\t<div class=\"elementor-widget-container\">\n\t\t\t\t\t<div class=\"elementor-spacer\">\n\t\t\t<div class=\"elementor-spacer-inner\"><\/div>\n\t\t<\/div>\n\t\t\t\t<\/div>\n\t\t\t\t<\/div>\n\t\t\t\t\t<\/div>\n\t\t<\/div>\n\t\t\t\t<div class=\"elementor-column elementor-col-33 elementor-top-column elementor-element elementor-element-b77c9cc\" data-id=\"b77c9cc\" data-element_type=\"column\" data-settings=\"{&quot;background_background&quot;:&quot;classic&quot;}\">\n\t\t\t<div class=\"elementor-widget-wrap elementor-element-populated\">\n\t\t\t\t\t<div class=\"elementor-background-overlay\"><\/div>\n\t\t\t\t\t\t<div class=\"elementor-element elementor-element-cccd1c1 elementor-widget elementor-widget-spacer\" data-id=\"cccd1c1\" data-element_type=\"widget\" data-widget_type=\"spacer.default\">\n\t\t\t\t<div class=\"elementor-widget-container\">\n\t\t\t\t\t<div class=\"elementor-spacer\">\n\t\t\t<div class=\"elementor-spacer-inner\"><\/div>\n\t\t<\/div>\n\t\t\t\t<\/div>\n\t\t\t\t<\/div>\n\t\t\t\t<div class=\"elementor-element elementor-element-8d660de elementor-widget elementor-widget-heading\" data-id=\"8d660de\" data-element_type=\"widget\" data-widget_type=\"heading.default\">\n\t\t\t\t<div class=\"elementor-widget-container\">\n\t\t\t<h2 class=\"elementor-heading-title elementor-size-default\"><a href=\"http:\/\/elbacalaorestaurante.es\/wp-content\/uploads\/2022\/11\/BACALAO-\u00b7-Vinoteca.pdf\">Destilados<\/a><\/h2>\t\t<\/div>\n\t\t\t\t<\/div>\n\t\t\t\t<div class=\"elementor-element elementor-element-ee2ff95 elementor-widget elementor-widget-spacer\" data-id=\"ee2ff95\" data-element_type=\"widget\" data-widget_type=\"spacer.default\">\n\t\t\t\t<div class=\"elementor-widget-container\">\n\t\t\t\t\t<div class=\"elementor-spacer\">\n\t\t\t<div class=\"elementor-spacer-inner\"><\/div>\n\t\t<\/div>\n\t\t\t\t<\/div>\n\t\t\t\t<\/div>\n\t\t\t\t\t<\/div>\n\t\t<\/div>\n\t\t\t\t<div class=\"elementor-column elementor-col-33 elementor-top-column elementor-element elementor-element-991dc9f\" data-id=\"991dc9f\" data-element_type=\"column\" data-settings=\"{&quot;background_background&quot;:&quot;classic&quot;}\">\n\t\t\t<div class=\"elementor-widget-wrap elementor-element-populated\">\n\t\t\t\t\t<div class=\"elementor-background-overlay\"><\/div>\n\t\t\t\t\t\t<div class=\"elementor-element elementor-element-be89339 elementor-widget elementor-widget-spacer\" data-id=\"be89339\" data-element_type=\"widget\" data-widget_type=\"spacer.default\">\n\t\t\t\t<div class=\"elementor-widget-container\">\n\t\t\t\t\t<div class=\"elementor-spacer\">\n\t\t\t<div class=\"elementor-spacer-inner\"><\/div>\n\t\t<\/div>\n\t\t\t\t<\/div>\n\t\t\t\t<\/div>\n\t\t\t\t<div class=\"elementor-element elementor-element-b1c21b2 elementor-widget elementor-widget-heading\" data-id=\"b1c21b2\" data-element_type=\"widget\" data-widget_type=\"heading.default\">\n\t\t\t\t<div class=\"elementor-widget-container\">\n\t\t\t<h2 class=\"elementor-heading-title elementor-size-default\"><a href=\"https:\/\/grupobacalao.com\/wp-content\/uploads\/2024\/09\/BACALAO-Restaurante-\u00b7-Menus-Experiencia-Menus-Coctel-2024.pdf\">Men\u00fas Experiencia<\/a><\/h2>\t\t<\/div>\n\t\t\t\t<\/div>\n\t\t\t\t<div class=\"elementor-element elementor-element-f596abf elementor-widget elementor-widget-spacer\" data-id=\"f596abf\" data-element_type=\"widget\" data-widget_type=\"spacer.default\">\n\t\t\t\t<div class=\"elementor-widget-container\">\n\t\t\t\t\t<div class=\"elementor-spacer\">\n\t\t\t<div class=\"elementor-spacer-inner\"><\/div>\n\t\t<\/div>\n\t\t\t\t<\/div>\n\t\t\t\t<\/div>\n\t\t\t\t\t<\/div>\n\t\t<\/div>\n\t\t\t\t\t<\/div>\n\t\t<\/section>\n\t\t\t\t<section class=\"elementor-section elementor-top-section elementor-element elementor-element-2436b48 elementor-section-boxed elementor-section-height-default elementor-section-height-default\" data-id=\"2436b48\" data-element_type=\"section\" data-settings=\"{&quot;background_background&quot;:&quot;classic&quot;}\">\n\t\t\t\t\t\t<div class=\"elementor-container elementor-column-gap-default\">\n\t\t\t\t\t<div class=\"elementor-column elementor-col-100 elementor-top-column elementor-element elementor-element-c486309\" data-id=\"c486309\" data-element_type=\"column\" data-settings=\"{&quot;background_background&quot;:&quot;classic&quot;}\">\n\t\t\t<div class=\"elementor-widget-wrap elementor-element-populated\">\n\t\t\t\t\t<div class=\"elementor-background-overlay\"><\/div>\n\t\t\t\t\t\t<div class=\"elementor-element elementor-element-868ffac elementor-widget elementor-widget-spacer\" data-id=\"868ffac\" data-element_type=\"widget\" data-widget_type=\"spacer.default\">\n\t\t\t\t<div class=\"elementor-widget-container\">\n\t\t\t\t\t<div class=\"elementor-spacer\">\n\t\t\t<div class=\"elementor-spacer-inner\"><\/div>\n\t\t<\/div>\n\t\t\t\t<\/div>\n\t\t\t\t<\/div>\n\t\t\t\t<div class=\"elementor-element elementor-element-15c8eea elementor-widget elementor-widget-heading\" data-id=\"15c8eea\" data-element_type=\"widget\" data-widget_type=\"heading.default\">\n\t\t\t\t<div class=\"elementor-widget-container\">\n\t\t\t<h2 class=\"elementor-heading-title elementor-size-default\"><a href=\"https:\/\/grupobacalao.com\/wp-content\/uploads\/2024\/02\/BONO-EXPERIENCIA-BACALAO.pdf\">Regala Experiencia Bacalao<\/a><\/h2>\t\t<\/div>\n\t\t\t\t<\/div>\n\t\t\t\t<div class=\"elementor-element elementor-element-8e8afa3 elementor-widget elementor-widget-spacer\" data-id=\"8e8afa3\" data-element_type=\"widget\" data-widget_type=\"spacer.default\">\n\t\t\t\t<div class=\"elementor-widget-container\">\n\t\t\t\t\t<div class=\"elementor-spacer\">\n\t\t\t<div class=\"elementor-spacer-inner\"><\/div>\n\t\t<\/div>\n\t\t\t\t<\/div>\n\t\t\t\t<\/div>\n\t\t\t\t\t<\/div>\n\t\t<\/div>\n\t\t\t\t\t<\/div>\n\t\t<\/section>\n\t\t\t\t<section class=\"elementor-section elementor-top-section elementor-element elementor-element-a287f4a elementor-section-full_width elementor-section-height-default elementor-section-height-default\" data-id=\"a287f4a\" data-element_type=\"section\">\n\t\t\t\t\t\t<div class=\"elementor-container elementor-column-gap-default\">\n\t\t\t\t\t<div class=\"elementor-column elementor-col-100 elementor-top-column elementor-element elementor-element-0e732e1\" data-id=\"0e732e1\" data-element_type=\"column\">\n\t\t\t<div class=\"elementor-widget-wrap elementor-element-populated\">\n\t\t\t\t\t\t<div class=\"elementor-element elementor-element-e8469a8 elementor-widget elementor-widget-html\" data-id=\"e8469a8\" data-element_type=\"widget\" data-widget_type=\"html.default\">\n\t\t\t\t<div class=\"elementor-widget-container\">\n\t\t\t<script src=\"https:\/\/apps.elfsight.com\/p\/platform.js\" defer><\/script>\r\n<div class=\"elfsight-app-dff724cb-604c-4a85-975a-7ebae234f22b\"><\/div>\t\t<\/div>\n\t\t\t\t<\/div>\n\t\t\t\t\t<\/div>\n\t\t<\/div>\n\t\t\t\t\t<\/div>\n\t\t<\/section>\n\t\t\t\t<\/div>","protected":false},"excerpt":{"rendered":"<p>Carta End\u00falzate Al\u00e9rgenos Vinoteca Destilados Men\u00fas Experiencia Regala Experiencia Bacalao<\/p>","protected":false},"author":1,"featured_media":0,"parent":0,"menu_order":0,"comment_status":"closed","ping_status":"closed","template":"","meta":{"footnotes":""},"class_list":["post-151","page","type-page","status-publish","hentry"],"yoast_head":"<!-- This site is optimized with the Yoast SEO plugin v24.7 - https:\/\/yoast.com\/wordpress\/plugins\/seo\/ -->\n<title>Menu Bacalao - Grupo Bacalao<\/title>\n<meta name=\"robots\" content=\"index, follow, max-snippet:-1, max-image-preview:large, max-video-preview:-1\" \/>\n<link rel=\"canonical\" href=\"https:\/\/grupobacalao.com\/en\/menu-bacalao\/\" \/>\n<meta property=\"og:locale\" content=\"en_GB\" \/>\n<meta property=\"og:type\" content=\"article\" \/>\n<meta property=\"og:title\" content=\"Menu Bacalao - Grupo Bacalao\" \/>\n<meta property=\"og:description\" content=\"Carta End\u00falzate Al\u00e9rgenos Vinoteca Destilados Men\u00fas Experiencia Regala Experiencia Bacalao\" \/>\n<meta property=\"og:url\" content=\"https:\/\/grupobacalao.com\/en\/menu-bacalao\/\" \/>\n<meta property=\"og:site_name\" content=\"Grupo Bacalao\" \/>\n<meta property=\"article:modified_time\" content=\"2025-02-06T14:58:00+00:00\" \/>\n<meta property=\"og:image\" content=\"https:\/\/grupobacalao.com\/wp-content\/uploads\/2022\/11\/BACALAO-COLOR-AZUL-Y-CAMEL.png\" \/>\n\t<meta property=\"og:image:width\" content=\"5013\" \/>\n\t<meta property=\"og:image:height\" content=\"1817\" \/>\n\t<meta property=\"og:image:type\" content=\"image\/png\" \/>\n<meta name=\"twitter:card\" content=\"summary_large_image\" \/>\n<script type=\"application\/ld+json\" class=\"yoast-schema-graph\">{\"@context\":\"https:\/\/schema.org\",\"@graph\":[{\"@type\":\"WebPage\",\"@id\":\"https:\/\/grupobacalao.com\/menu-bacalao\",\"url\":\"https:\/\/grupobacalao.com\/menu-bacalao\",\"name\":\"Menu Bacalao - Grupo Bacalao\",\"isPartOf\":{\"@id\":\"https:\/\/grupobacalao.com\/#website\"},\"primaryImageOfPage\":{\"@id\":\"https:\/\/grupobacalao.com\/menu-bacalao#primaryimage\"},\"image\":{\"@id\":\"https:\/\/grupobacalao.com\/menu-bacalao#primaryimage\"},\"thumbnailUrl\":\"https:\/\/grupobacalao.com\/wp-content\/uploads\/2022\/11\/BACALAO-COLOR-AZUL-Y-CAMEL-1024x371.png\",\"datePublished\":\"2022-11-17T14:56:28+00:00\",\"dateModified\":\"2025-02-06T14:58:00+00:00\",\"breadcrumb\":{\"@id\":\"https:\/\/grupobacalao.com\/menu-bacalao#breadcrumb\"},\"inLanguage\":\"en-GB\",\"potentialAction\":[{\"@type\":\"ReadAction\",\"target\":[\"https:\/\/grupobacalao.com\/menu-bacalao\"]}]},{\"@type\":\"ImageObject\",\"inLanguage\":\"en-GB\",\"@id\":\"https:\/\/grupobacalao.com\/menu-bacalao#primaryimage\",\"url\":\"https:\/\/grupobacalao.com\/wp-content\/uploads\/2022\/11\/BACALAO-COLOR-AZUL-Y-CAMEL-1024x371.png\",\"contentUrl\":\"https:\/\/grupobacalao.com\/wp-content\/uploads\/2022\/11\/BACALAO-COLOR-AZUL-Y-CAMEL-1024x371.png\"},{\"@type\":\"BreadcrumbList\",\"@id\":\"https:\/\/grupobacalao.com\/menu-bacalao#breadcrumb\",\"itemListElement\":[{\"@type\":\"ListItem\",\"position\":1,\"name\":\"Home\",\"item\":\"https:\/\/grupobacalao.com\/\"},{\"@type\":\"ListItem\",\"position\":2,\"name\":\"Menu Bacalao\"}]},{\"@type\":\"WebSite\",\"@id\":\"https:\/\/grupobacalao.com\/#website\",\"url\":\"https:\/\/grupobacalao.com\/\",\"name\":\"Grupo Bacalao\",\"description\":\"Grupo Bacalao\",\"publisher\":{\"@id\":\"https:\/\/grupobacalao.com\/#organization\"},\"potentialAction\":[{\"@type\":\"SearchAction\",\"target\":{\"@type\":\"EntryPoint\",\"urlTemplate\":\"https:\/\/grupobacalao.com\/?s={search_term_string}\"},\"query-input\":{\"@type\":\"PropertyValueSpecification\",\"valueRequired\":true,\"valueName\":\"search_term_string\"}}],\"inLanguage\":\"en-GB\"},{\"@type\":\"Organization\",\"@id\":\"https:\/\/grupobacalao.com\/#organization\",\"name\":\"Grupo Bacalao\",\"url\":\"https:\/\/grupobacalao.com\/\",\"logo\":{\"@type\":\"ImageObject\",\"inLanguage\":\"en-GB\",\"@id\":\"https:\/\/grupobacalao.com\/#\/schema\/logo\/image\/\",\"url\":\"https:\/\/grupobacalao.com\/wp-content\/uploads\/2022\/11\/GRUPO-BACALAO-COLOR-AZUL-Y-CAMEL.png\",\"contentUrl\":\"https:\/\/grupobacalao.com\/wp-content\/uploads\/2022\/11\/GRUPO-BACALAO-COLOR-AZUL-Y-CAMEL.png\",\"width\":5014,\"height\":1817,\"caption\":\"Grupo Bacalao\"},\"image\":{\"@id\":\"https:\/\/grupobacalao.com\/#\/schema\/logo\/image\/\"}}]}<\/script>\n<!-- \/ Yoast SEO plugin. -->","yoast_head_json":{"title":"Menu Bacalao - Grupo Bacalao","robots":{"index":"index","follow":"follow","max-snippet":"max-snippet:-1","max-image-preview":"max-image-preview:large","max-video-preview":"max-video-preview:-1"},"canonical":"https:\/\/grupobacalao.com\/en\/menu-bacalao\/","og_locale":"en_GB","og_type":"article","og_title":"Menu Bacalao - Grupo Bacalao","og_description":"Carta End\u00falzate Al\u00e9rgenos Vinoteca Destilados Men\u00fas Experiencia Regala Experiencia Bacalao","og_url":"https:\/\/grupobacalao.com\/en\/menu-bacalao\/","og_site_name":"Grupo Bacalao","article_modified_time":"2025-02-06T14:58:00+00:00","og_image":[{"width":5013,"height":1817,"url":"https:\/\/grupobacalao.com\/wp-content\/uploads\/2022\/11\/BACALAO-COLOR-AZUL-Y-CAMEL.png","type":"image\/png"}],"twitter_card":"summary_large_image","schema":{"@context":"https:\/\/schema.org","@graph":[{"@type":"WebPage","@id":"https:\/\/grupobacalao.com\/menu-bacalao","url":"https:\/\/grupobacalao.com\/menu-bacalao","name":"Menu Bacalao - Grupo Bacalao","isPartOf":{"@id":"https:\/\/grupobacalao.com\/#website"},"primaryImageOfPage":{"@id":"https:\/\/grupobacalao.com\/menu-bacalao#primaryimage"},"image":{"@id":"https:\/\/grupobacalao.com\/menu-bacalao#primaryimage"},"thumbnailUrl":"https:\/\/grupobacalao.com\/wp-content\/uploads\/2022\/11\/BACALAO-COLOR-AZUL-Y-CAMEL-1024x371.png","datePublished":"2022-11-17T14:56:28+00:00","dateModified":"2025-02-06T14:58:00+00:00","breadcrumb":{"@id":"https:\/\/grupobacalao.com\/menu-bacalao#breadcrumb"},"inLanguage":"en-GB","potentialAction":[{"@type":"ReadAction","target":["https:\/\/grupobacalao.com\/menu-bacalao"]}]},{"@type":"ImageObject","inLanguage":"en-GB","@id":"https:\/\/grupobacalao.com\/menu-bacalao#primaryimage","url":"https:\/\/grupobacalao.com\/wp-content\/uploads\/2022\/11\/BACALAO-COLOR-AZUL-Y-CAMEL-1024x371.png","contentUrl":"https:\/\/grupobacalao.com\/wp-content\/uploads\/2022\/11\/BACALAO-COLOR-AZUL-Y-CAMEL-1024x371.png"},{"@type":"BreadcrumbList","@id":"https:\/\/grupobacalao.com\/menu-bacalao#breadcrumb","itemListElement":[{"@type":"ListItem","position":1,"name":"Home","item":"https:\/\/grupobacalao.com\/"},{"@type":"ListItem","position":2,"name":"Menu Bacalao"}]},{"@type":"WebSite","@id":"https:\/\/grupobacalao.com\/#website","url":"https:\/\/grupobacalao.com\/","name":"Grupo Bacalao","description":"Grupo Bacalao","publisher":{"@id":"https:\/\/grupobacalao.com\/#organization"},"potentialAction":[{"@type":"SearchAction","target":{"@type":"EntryPoint","urlTemplate":"https:\/\/grupobacalao.com\/?s={search_term_string}"},"query-input":{"@type":"PropertyValueSpecification","valueRequired":true,"valueName":"search_term_string"}}],"inLanguage":"en-GB"},{"@type":"Organization","@id":"https:\/\/grupobacalao.com\/#organization","name":"Grupo Bacalao","url":"https:\/\/grupobacalao.com\/","logo":{"@type":"ImageObject","inLanguage":"en-GB","@id":"https:\/\/grupobacalao.com\/#\/schema\/logo\/image\/","url":"https:\/\/grupobacalao.com\/wp-content\/uploads\/2022\/11\/GRUPO-BACALAO-COLOR-AZUL-Y-CAMEL.png","contentUrl":"https:\/\/grupobacalao.com\/wp-content\/uploads\/2022\/11\/GRUPO-BACALAO-COLOR-AZUL-Y-CAMEL.png","width":5014,"height":1817,"caption":"Grupo Bacalao"},"image":{"@id":"https:\/\/grupobacalao.com\/#\/schema\/logo\/image\/"}}]}},"_links":{"self":[{"href":"https:\/\/grupobacalao.com\/en\/wp-json\/wp\/v2\/pages\/151"}],"collection":[{"href":"https:\/\/grupobacalao.com\/en\/wp-json\/wp\/v2\/pages"}],"about":[{"href":"https:\/\/grupobacalao.com\/en\/wp-json\/wp\/v2\/types\/page"}],"author":[{"embeddable":true,"href":"https:\/\/grupobacalao.com\/en\/wp-json\/wp\/v2\/users\/1"}],"replies":[{"embeddable":true,"href":"https:\/\/grupobacalao.com\/en\/wp-json\/wp\/v2\/comments?post=151"}],"version-history":[{"count":104,"href":"https:\/\/grupobacalao.com\/en\/wp-json\/wp\/v2\/pages\/151\/revisions"}],"predecessor-version":[{"id":2506,"href":"https:\/\/grupobacalao.com\/en\/wp-json\/wp\/v2\/pages\/151\/revisions\/2506"}],"wp:attachment":[{"href":"https:\/\/grupobacalao.com\/en\/wp-json\/wp\/v2\/media?parent=151"}],"curies":[{"name":"wp","href":"https:\/\/api.w.org\/{rel}","templated":true}]}}